{"id":46530,"date":"2021-08-27T09:13:19","date_gmt":"2021-08-27T09:13:19","guid":{"rendered":"http:\/\/kryptovaluta.info\/integrita\/"},"modified":"2022-04-14T20:02:36","modified_gmt":"2022-04-14T20:02:36","slug":"integrita","status":"publish","type":"page","link":"https:\/\/kryptovaluta.info\/cs\/integrita\/","title":{"rendered":"Integrita"},"content":{"rendered":"&#13;\n<h2 class=\"wp-block-heading\">Kdo jsme<\/h2>&#13;\n&#13;\n<p>Na\u0161e webov\u00e1 adresa je: http:\/\/kryptovaluta.info<\/p>&#13;\n&#13;\n<h2 class=\"wp-block-heading\">Koment\u00e1\u0159e<\/h2>&#13;\n&#13;\n<p>Kdy\u017e n\u00e1v\u0161t\u011bvn\u00edci publikuj\u00ed koment\u00e1\u0159e na str\u00e1nce, ukl\u00e1daj\u00ed se krom\u011b IP adresy n\u00e1v\u0161t\u011bvn\u00edka a verze prohl\u00ed\u017ee\u010de n\u00e1v\u0161t\u011bvn\u00edka tak\u00e9 informace ve formul\u00e1\u0159i koment\u00e1\u0159e. To se prov\u00e1d\u00ed, aby se zabr\u00e1nilo spamov\u00fdm koment\u00e1\u0159\u016fm.<\/p>&#13;\n&#13;\n<p>Anonymn\u00ed textov\u00fd \u0159et\u011bzec vygenerovan\u00fd na z\u00e1klad\u011b va\u0161\u00ed e-mailov\u00e9 adresy (tak\u00e9 naz\u00fdvan\u00fd \u201ehash\u201c) lze odeslat slu\u017eb\u011b Gravatar, abyste zkontrolovali, zda tam m\u00e1te \u00fa\u010det. Z\u00e1sady ochrany osobn\u00edch \u00fadaj\u016f spole\u010dnosti Gravatar naleznete zde: https:\/\/automattic.com\/privacy\/. Po schv\u00e1len\u00ed va\u0161eho koment\u00e1\u0159e bude v\u00e1\u0161 profilov\u00fd obr\u00e1zek v souvislosti s va\u0161\u00edm koment\u00e1\u0159em viditeln\u00fd v\u0161em.<\/p>&#13;\n&#13;\n<h2 class=\"wp-block-heading\">M\u00e9dia<\/h2>&#13;\n&#13;\n<p>Pokud na web nahr\u00e1v\u00e1te fotografie, m\u011bli byste se vyhnout nahr\u00e1v\u00e1n\u00ed fotografi\u00ed, kter\u00e9 obsahuj\u00ed informace o m\u00edst\u011b, kde byly po\u0159\u00edzeny (EXIF GPS). N\u00e1v\u0161t\u011bvn\u00edci webov\u00fdch str\u00e1nek mohou stahovat a z\u00edsk\u00e1vat tyto informace z obr\u00e1zk\u016f na webov\u00fdch str\u00e1nk\u00e1ch.<\/p>&#13;\n&#13;\n<h2 class=\"wp-block-heading\">Soubory cookie<\/h2>&#13;\n&#13;\n<p>Pokud na tento web p\u0159id\u00e1te koment\u00e1\u0159, po\u017e\u00e1dejte n\u00e1s, abychom si zapamatovali va\u0161e jm\u00e9no, e-mailovou adresu a v\u00e1\u0161 web. Tyto informace jsou ulo\u017eeny v cookie a slou\u017e\u00ed k tomu, aby v\u00e1m to usnadnily. P\u0159i p\u0159\u00ed\u0161t\u00edm psan\u00ed koment\u00e1\u0159e nemus\u00edte tyto informace znovu zad\u00e1vat. Platnost t\u011bchto soubor\u016f cookie vypr\u0161\u00ed po jednom roce.<\/p>&#13;\n&#13;\n<p>Pokud nav\u0161t\u00edv\u00edte na\u0161i p\u0159ihla\u0161ovac\u00ed str\u00e1nku, vytvo\u0159\u00edme do\u010dasn\u00fd soubor cookie, abychom zjistili, zda v\u00e1\u0161 prohl\u00ed\u017ee\u010d p\u0159ij\u00edm\u00e1 soubory cookie. Tento soubor cookie neobsahuje \u017e\u00e1dn\u00e9 osobn\u00ed \u00fadaje a zmiz\u00ed, jakmile zav\u0159ete prohl\u00ed\u017ee\u010d.<\/p>&#13;\n&#13;\n<p>Kdy\u017e se p\u0159ihl\u00e1s\u00edte, vytvo\u0159\u00ed se soubory cookie, kter\u00e9 ukl\u00e1daj\u00ed va\u0161e p\u0159ihla\u0161ovac\u00ed \u00fadaje a v\u00e1mi proveden\u00e9 volby ohledn\u011b zp\u016fsobu zobrazen\u00ed obsahu. Cookies s p\u0159ihla\u0161ovac\u00edmi \u00fadaji vypr\u0161\u00ed po dvou dnech, zat\u00edmco cookies s mo\u017enost\u00ed zobrazen\u00ed vydr\u017e\u00ed jeden rok. Pokud zvol\u00edte \u201ePamatovat si m\u011b\u201c, va\u0161e p\u0159ihla\u0161ovac\u00ed \u00fadaje budou ulo\u017eeny po dobu dvou t\u00fddn\u016f. Pokud se odhl\u00e1s\u00edte ze sv\u00e9ho \u00fa\u010dtu, tyto soubory cookie zmiz\u00ed.<\/p>&#13;\n&#13;\n<p>Pokud uprav\u00edte nebo publikujete \u010dl\u00e1nek, ulo\u017e\u00ed se do va\u0161eho prohl\u00ed\u017ee\u010de dal\u0161\u00ed cookie. Tento soubor cookie neobsahuje \u017e\u00e1dn\u00e9 osobn\u00ed informace, pouze ID \u010dl\u00e1nku, kter\u00fd jste pr\u00e1v\u011b upravili. Po dni zhasne.<\/p>&#13;\n&#13;\n<h2 class=\"wp-block-heading\">Vlo\u017een\u00fd obsah z jin\u00fdch web\u016f<\/h2>&#13;\n&#13;\n<p>\u010cl\u00e1nky na t\u00e9to str\u00e1nce mohou obsahovat vlo\u017een\u00fd obsah (nap\u0159. videa, obr\u00e1zky, \u010dl\u00e1nky atd.). Vlo\u017een\u00fd obsah z jin\u00fdch web\u016f se chov\u00e1 \u00fapln\u011b stejn\u011b, jako kdyby n\u00e1v\u0161t\u011bvn\u00edk nav\u0161t\u00edvil web, ze kter\u00e9ho vlo\u017een\u00fd obsah poch\u00e1z\u00ed.<\/p>&#13;\n&#13;\n<p>Tyto webov\u00e9 str\u00e1nky mohou shroma\u017e\u010fovat informace o v\u00e1s, pou\u017e\u00edvat soubory cookie, vkl\u00e1dat syst\u00e9my sledov\u00e1n\u00ed t\u0159et\u00edch stran a sledovat, co d\u011bl\u00e1te prost\u0159ednictv\u00edm tohoto vlo\u017een\u00e9ho obsahu. To tak\u00e9 zahrnuje sledov\u00e1n\u00ed va\u0161ich akc\u00ed prost\u0159ednictv\u00edm vestav\u011bn\u00e9ho obsahu, pokud m\u00e1te \u00fa\u010det a jste p\u0159ihl\u00e1\u0161eni k webu.<\/p>&#13;\n&#13;\n<h2 class=\"wp-block-heading\">S k\u00fdm sd\u00edl\u00edme va\u0161e informace<\/h2>&#13;\n&#13;\n<p>Pokud po\u017e\u00e1d\u00e1te o reset hesla, va\u0161e IP adresa bude zahrnuta v e-mailu pro resetov\u00e1n\u00ed hesla.<\/p>&#13;\n&#13;\n<h2 class=\"wp-block-heading\">Jak dlouho o v\u00e1s uchov\u00e1v\u00e1me informace<\/h2>&#13;\n&#13;\n<p>Pokud zanech\u00e1te koment\u00e1\u0159, koment\u00e1\u0159 a informace o koment\u00e1\u0159i budou ulo\u017eeny na dobu neur\u010ditou. Je to proto, abychom mohli rozpoznat n\u00e1sledn\u00e9 koment\u00e1\u0159e a schv\u00e1lit je automaticky, m\u00edsto abychom je um\u00edstili do fronty, kde je mus\u00ed ru\u010dn\u011b schv\u00e1lit editor.<\/p>&#13;\n&#13;\n<p>U\u017eivatel\u00e9, kte\u0159\u00ed se zaregistruj\u00ed na tomto webu (pokud je tato mo\u017enost k dispozici), ukl\u00e1daj\u00ed do sv\u00e9ho u\u017eivatelsk\u00e9ho profilu tak\u00e9 osobn\u00ed \u00fadaje, kter\u00e9 poskytnou. V\u0161ichni u\u017eivatel\u00e9 mohou kdykoli prohl\u00ed\u017eet, upravovat a mazat sv\u00e9 osobn\u00ed \u00fadaje (krom\u011b u\u017eivatelsk\u00fdch jmen). Spr\u00e1vci webov\u00fdch str\u00e1nek mohou tyto informace tak\u00e9 prohl\u00ed\u017eet a upravovat.<\/p>&#13;\n&#13;\n<h2 class=\"wp-block-heading\">Va\u0161e pr\u00e1va t\u00fdkaj\u00edc\u00ed se informac\u00ed, kter\u00e9 o v\u00e1s m\u00e1me<\/h2>&#13;\n&#13;\n<p>Pokud m\u00e1te \u00fa\u010det na tomto webu nebo jste zanechali koment\u00e1\u0159e, m\u016f\u017eete po\u017e\u00e1dat o export souboru obsahuj\u00edc\u00edho osobn\u00ed \u00fadaje, kter\u00e9 o v\u00e1s uchov\u00e1v\u00e1me. To zahrnuje v\u0161echny informace, kter\u00e9 jste n\u00e1m poskytli. M\u016f\u017eete tak\u00e9 po\u017e\u00e1dat, abychom odstranili v\u0161echny osobn\u00ed \u00fadaje, kter\u00e9 o v\u00e1s m\u00e1me. To nezahrnuje informace, kter\u00e9 mus\u00edme uchov\u00e1vat z administrativn\u00edch, pr\u00e1vn\u00edch nebo bezpe\u010dnostn\u00edch d\u016fvod\u016f.<\/p>&#13;\n&#13;\n<h2 class=\"wp-block-heading\">Kam zas\u00edl\u00e1me informace o v\u00e1s<\/h2>&#13;\n&#13;\n<p>Koment\u00e1\u0159e n\u00e1v\u0161t\u011bvn\u00edk\u016f lze kontrolovat prost\u0159ednictv\u00edm automatick\u00e9 spamov\u00e9 slu\u017eby.<\/p>&#13;\n","protected":false},"excerpt":{"rendered":"<p>&#13; Kdo jsme &#13; &#13; Na\u0161e webov\u00e1 adresa je: http:\/\/kryptovaluta.info &#13; &#13; Koment\u00e1\u0159e &#13; &#13; Kdy\u017e n\u00e1v\u0161t\u011bvn\u00edci publikuj\u00ed koment\u00e1\u0159e na str\u00e1nce, ukl\u00e1daj\u00ed se krom\u011b IP adresy n\u00e1v\u0161t\u011bvn\u00edka a verze prohl\u00ed\u017ee\u010de n\u00e1v\u0161t\u011bvn\u00edka tak\u00e9 informace ve formul\u00e1\u0159i koment\u00e1\u0159e. To se prov\u00e1d\u00ed, aby se zabr\u00e1nilo spamov\u00fdm koment\u00e1\u0159\u016fm. &#13; &#13; Anonymn\u00ed textov\u00fd \u0159et\u011bzec vygenerovan\u00fd na z\u00e1klad\u011b va\u0161\u00ed e-mailov\u00e9 adresy [&hellip;]<\/p>\n","protected":false},"author":3,"featured_media":0,"parent":0,"menu_order":0,"comment_status":"closed","ping_status":"closed","template":"","meta":{"footnotes":""},"class_list":["post-46530","page","type-page","status-publish","hentry"],"_links":{"self":[{"href":"https:\/\/kryptovaluta.info\/cs\/wp-json\/wp\/v2\/pages\/46530","targetHints":{"allow":["GET"]}}],"collection":[{"href":"https:\/\/kryptovaluta.info\/cs\/wp-json\/wp\/v2\/pages"}],"about":[{"href":"https:\/\/kryptovaluta.info\/cs\/wp-json\/wp\/v2\/types\/page"}],"author":[{"embeddable":true,"href":"https:\/\/kryptovaluta.info\/cs\/wp-json\/wp\/v2\/users\/3"}],"replies":[{"embeddable":true,"href":"https:\/\/kryptovaluta.info\/cs\/wp-json\/wp\/v2\/comments?post=46530"}],"version-history":[{"count":1,"href":"https:\/\/kryptovaluta.info\/cs\/wp-json\/wp\/v2\/pages\/46530\/revisions"}],"predecessor-version":[{"id":46534,"href":"https:\/\/kryptovaluta.info\/cs\/wp-json\/wp\/v2\/pages\/46530\/revisions\/46534"}],"wp:attachment":[{"href":"https:\/\/kryptovaluta.info\/cs\/wp-json\/wp\/v2\/media?parent=46530"}],"curies":[{"name":"wp","href":"https:\/\/api.w.org\/{rel}","templated":true}]}}