{"id":46537,"date":"2021-08-27T09:13:19","date_gmt":"2021-08-27T09:13:19","guid":{"rendered":"http:\/\/kryptovaluta.info\/integritet\/"},"modified":"2022-04-14T20:02:36","modified_gmt":"2022-04-14T20:02:36","slug":"integritet","status":"publish","type":"page","link":"https:\/\/kryptovaluta.info\/da\/integritet\/","title":{"rendered":"Integritet"},"content":{"rendered":"&#13;\n<h2 class=\"wp-block-heading\">Hvem vi er<\/h2>&#13;\n&#13;\n<p>Vores hjemmesideadresse er: http:\/\/kryptovaluta.info<\/p>&#13;\n&#13;\n<h2 class=\"wp-block-heading\">Kommentarer<\/h2>&#13;\n&#13;\n<p>N\u00e5r bes\u00f8gende offentligg\u00f8r kommentarer p\u00e5 siden, gemmes oplysningerne i kommentarformularen ud over den bes\u00f8gendes IP-adresse og den bes\u00f8gendes browserversion. Dette g\u00f8res for at undg\u00e5 spamkommentarer.<\/p>&#13;\n&#13;\n<p>En anonym tekststreng genereret baseret p\u00e5 din e-mailadresse (ogs\u00e5 kaldet &#8220;hash&#8221;) kan sendes til Gravatar-tjenesten for at tjekke, om du har en konto der. Gravatars privatlivspolitik kan findes her: https:\/\/automattic.com\/privacy\/. Efter din kommentar er blevet godkendt, vil dit profilbillede v\u00e6re synligt for alle i forbindelse med din kommentar.<\/p>&#13;\n&#13;\n<h2 class=\"wp-block-heading\">Medier<\/h2>&#13;\n&#13;\n<p>Hvis du uploader billeder til hjemmesiden, b\u00f8r du undg\u00e5 at uploade billeder, der indeholder oplysninger om det sted, hvor de er taget (EXIF GPS). Bes\u00f8gende p\u00e5 hjemmesiden kan downloade og hente s\u00e5danne oplysninger fra billeder p\u00e5 hjemmesiden.<\/p>&#13;\n&#13;\n<h2 class=\"wp-block-heading\">Cookies<\/h2>&#13;\n&#13;\n<p>Hvis du skriver en kommentar p\u00e5 denne side, s\u00e5 bed os venligst om at huske dit navn, din e-mailadresse og dit websted. Disse oplysninger gemmes i en cookie og er til for at g\u00f8re det nemmere for dig. Du beh\u00f8ver ikke indtaste disse oplysninger igen, n\u00e6ste gang du skriver en kommentar. Disse cookies udl\u00f8ber efter et \u00e5r.<\/p>&#13;\n&#13;\n<p>Hvis du bes\u00f8ger vores login-side, opretter vi en midlertidig cookie for at afg\u00f8re, om din browser accepterer cookies. Denne cookie indeholder ingen personlige oplysninger og forsvinder, s\u00e5 snart du lukker din browser.<\/p>&#13;\n&#13;\n<p>N\u00e5r du logger ind, oprettes der cookies, der gemmer dine loginoplysninger og valg, du har truffet om, hvordan indhold skal vises. Cookies med login-oplysninger udl\u00f8ber efter to dage, mens cookies med visningsmuligheder holder i et \u00e5r. Hvis du v\u00e6lger &#8220;Husk mig&#8221;, bliver dine loginoplysninger gemt i to uger. Hvis du logger ud af din konto, forsvinder disse cookies.<\/p>&#13;\n&#13;\n<p>Hvis du redigerer eller udgiver en artikel, gemmes en anden cookie i din browser. Denne cookie indeholder ingen personlige oplysninger, kun ID&#8217;et for den artikel, du lige har redigeret. Det g\u00e5r ud efter en dag.<\/p>&#13;\n&#13;\n<h2 class=\"wp-block-heading\">Indlejret indhold fra andre websteder<\/h2>&#13;\n&#13;\n<p>Artiklerne p\u00e5 denne side kan indeholde indlejret indhold (f.eks. videoer, billeder, artikler osv.). Indlejret indhold fra andre websteder opf\u00f8rer sig p\u00e5 n\u00f8jagtig samme m\u00e5de, som hvis den bes\u00f8gende havde bes\u00f8gt webstedet, hvorfra det indlejrede indhold kommer.<\/p>&#13;\n&#13;\n<p>Disse websteder kan indsamle oplysninger om dig, bruge cookies, indlejre tredjeparts sporingssystemer og overv\u00e5ge, hvad du g\u00f8r gennem dette indlejrede indhold. Dette inkluderer ogs\u00e5 sporing af dine handlinger via det indbyggede indhold, hvis du har en konto og er logget ind p\u00e5 siden.<\/p>&#13;\n&#13;\n<h2 class=\"wp-block-heading\">Hvem vi deler dine oplysninger med<\/h2>&#13;\n&#13;\n<p>Hvis du anmoder om nulstilling af adgangskode, vil din IP-adresse blive inkluderet i e-mailen til nulstilling af adgangskode.<\/p>&#13;\n&#13;\n<h2 class=\"wp-block-heading\">Hvor l\u00e6nge opbevarer vi oplysninger om dig<\/h2>&#13;\n&#13;\n<p>Hvis du l\u00e6gger en kommentar, vil kommentaren og kommentaroplysningerne blive gemt p\u00e5 ubestemt tid. Dette for at vi kan genkende opf\u00f8lgende kommentarer og godkende dem automatisk i stedet for at placere dem i en k\u00f8, hvor de skal godkendes manuelt af en redakt\u00f8r.<\/p>&#13;\n&#13;\n<p>Brugere, der registrerer sig p\u00e5 denne hjemmeside (hvis denne mulighed er tilg\u00e6ngelig), gemmer ogs\u00e5 personlige oplysninger, som de giver i deres brugerprofil. Alle brugere kan til enhver tid se, redigere og slette deres egne personlige oplysninger (undtagen brugernavne). Webstedsadministratorer kan ogs\u00e5 se og redigere disse oplysninger.<\/p>&#13;\n&#13;\n<h2 class=\"wp-block-heading\">Dine rettigheder vedr\u00f8rende oplysninger, vi har om dig<\/h2>&#13;\n&#13;\n<p>Hvis du har en konto p\u00e5 dette websted eller har efterladt kommentarer, kan du anmode om en eksportfil, der indeholder de personlige oplysninger, vi har om dig. Dette inkluderer alle oplysninger, du har givet os. Du kan ogs\u00e5 anmode om, at vi fjerner alle personlige oplysninger, vi har om dig. Dette inkluderer ikke oplysninger, som vi er n\u00f8dt til at gemme af administrative, juridiske eller sikkerhedsm\u00e6ssige \u00e5rsager.<\/p>&#13;\n&#13;\n<h2 class=\"wp-block-heading\">Hvor vi sender oplysninger om dig<\/h2>&#13;\n&#13;\n<p>Bes\u00f8gendes kommentarer kan tjekkes gennem en automatisk spamtjeneste.<\/p>&#13;\n","protected":false},"excerpt":{"rendered":"<p>&#13; Hvem vi er &#13; &#13; Vores hjemmesideadresse er: http:\/\/kryptovaluta.info &#13; &#13; Kommentarer &#13; &#13; N\u00e5r bes\u00f8gende offentligg\u00f8r kommentarer p\u00e5 siden, gemmes oplysningerne i kommentarformularen ud over den bes\u00f8gendes IP-adresse og den bes\u00f8gendes browserversion. Dette g\u00f8res for at undg\u00e5 spamkommentarer. &#13; &#13; En anonym tekststreng genereret baseret p\u00e5 din e-mailadresse (ogs\u00e5 kaldet &#8220;hash&#8221;) kan sendes [&hellip;]<\/p>\n","protected":false},"author":3,"featured_media":0,"parent":0,"menu_order":0,"comment_status":"closed","ping_status":"closed","template":"","meta":{"footnotes":""},"class_list":["post-46537","page","type-page","status-publish","hentry"],"_links":{"self":[{"href":"https:\/\/kryptovaluta.info\/da\/wp-json\/wp\/v2\/pages\/46537","targetHints":{"allow":["GET"]}}],"collection":[{"href":"https:\/\/kryptovaluta.info\/da\/wp-json\/wp\/v2\/pages"}],"about":[{"href":"https:\/\/kryptovaluta.info\/da\/wp-json\/wp\/v2\/types\/page"}],"author":[{"embeddable":true,"href":"https:\/\/kryptovaluta.info\/da\/wp-json\/wp\/v2\/users\/3"}],"replies":[{"embeddable":true,"href":"https:\/\/kryptovaluta.info\/da\/wp-json\/wp\/v2\/comments?post=46537"}],"version-history":[{"count":1,"href":"https:\/\/kryptovaluta.info\/da\/wp-json\/wp\/v2\/pages\/46537\/revisions"}],"predecessor-version":[{"id":46540,"href":"https:\/\/kryptovaluta.info\/da\/wp-json\/wp\/v2\/pages\/46537\/revisions\/46540"}],"wp:attachment":[{"href":"https:\/\/kryptovaluta.info\/da\/wp-json\/wp\/v2\/media?parent=46537"}],"curies":[{"name":"wp","href":"https:\/\/api.w.org\/{rel}","templated":true}]}}