{"id":46306,"date":"2021-08-27T09:13:19","date_gmt":"2021-08-27T09:13:19","guid":{"rendered":"http:\/\/kryptovaluta.info\/privatsphaere\/"},"modified":"2022-05-02T13:23:58","modified_gmt":"2022-05-02T13:23:58","slug":"privatsphaere","status":"publish","type":"page","link":"https:\/\/kryptovaluta.info\/de\/privatsphaere\/","title":{"rendered":"Privatsph\u00e4re"},"content":{"rendered":"&#13;\n<h2 class=\"wp-block-heading\">Wer wir sind<\/h2>&#13;\n&#13;\n<p>Unsere Website-Adresse lautet: https: \/\/ kryptow\u00e4hrung .info<\/p>&#13;\n&#13;\n<h2 class=\"wp-block-heading\">Bemerkungen<\/h2>&#13;\n&#13;\n<p>Wenn Besucher Kommentare auf der Seite abgeben, werden neben der IP-Adresse des Besuchers und der Browserversion des Besuchers auch die im Kommentarformular gemachten Angaben gespeichert. Dies geschieht, um Junk-Kommentare zu vermeiden.<\/p>&#13;\n&#13;\n<p>Eine anonyme Textzeichenfolge, die auf Grundlage Ihrer E-Mail-Adresse generiert wird (auch \u201eHash\u201c genannt), kann an den Gravatar-Dienst gesendet werden, um zu \u00fcberpr\u00fcfen, ob Sie dort ein Konto haben. Die Datenschutzerkl\u00e4rung von Gravatar finden Sie hier: https:\/\/automattic.com\/privacy\/. Nachdem Ihr Kommentar genehmigt wurde, ist Ihr Profilbild f\u00fcr jeden in Verbindung mit Ihrem Kommentar sichtbar.<\/p>&#13;\n&#13;\n<h2 class=\"wp-block-heading\">Medien<\/h2>&#13;\n&#13;\n<p>Wenn Sie Bilder auf die Website hochladen, sollten Sie vermeiden, Bilder hochzuladen, die Informationen \u00fcber den aufgenommenen Ort enthalten (EXIF GPS). Besucher der Website k\u00f6nnen solche Informationen von Bildern auf der Website herunterladen und abrufen.<\/p>&#13;\n&#13;\n<h2 class=\"wp-block-heading\">Kekse<\/h2>&#13;\n&#13;\n<p>Wenn Sie einen Kommentar auf dieser Website ver\u00f6ffentlichen, k\u00f6nnen Sie uns bitten, uns Ihren Namen, Ihre E-Mail-Adresse und Ihre Website zu merken. Diese Informationen werden in einem Cookie gespeichert und dienen dazu, Ihnen die Arbeit zu erleichtern. Sie m\u00fcssen diese Informationen beim n\u00e4chsten Posten eines Kommentars nicht erneut eingeben. Diese Cookies verfallen nach einem Jahr.<\/p>&#13;\n&#13;\n<p>Wenn Sie unsere Anmeldeseite besuchen, erstellen wir ein tempor\u00e4res Cookie, um festzustellen, ob Ihr Browser Cookies akzeptiert. Dieses Cookie enth\u00e4lt keine pers\u00f6nlichen Informationen und verschwindet, sobald Sie Ihren Browser schlie\u00dfen.<\/p>&#13;\n&#13;\n<p>Wenn Sie sich anmelden, werden Cookies erstellt, die Ihre Anmeldeinformationen und die von Ihnen getroffenen Entscheidungen bez\u00fcglich der Anzeige von Inhalten speichern. Cookies mit Login-Informationen verfallen nach zwei Tagen, w\u00e4hrend solche mit Anzeigeoptionen ein Jahr g\u00fcltig sind. Wenn Sie \u201eRemember me\u201c ankreuzen, werden Ihre Login-Daten zwei Wochen lang gespeichert. Wenn Sie sich von Ihrem Konto abmelden, verschwinden diese Cookies.<\/p>&#13;\n&#13;\n<p>Wenn Sie einen Artikel bearbeiten oder ver\u00f6ffentlichen, wird ein zus\u00e4tzlicher Cookie in Ihrem Browser gespeichert. Dieses Cookie enth\u00e4lt keine pers\u00f6nlichen Informationen, sondern nur die ID des Artikels, den Sie gerade bearbeitet haben. Sie verf\u00e4llt nach einem Tag.<\/p>&#13;\n&#13;\n<h2 class=\"wp-block-heading\">Eingebettete Inhalte von anderen Websites<\/h2>&#13;\n&#13;\n<p>Artikel auf dieser Seite k\u00f6nnen eingebettete Inhalte enthalten (z. B. Videos, Bilder, Artikel usw.). Eingebettete Inhalte von anderen Websites verhalten sich genau so, als ob der Besucher die Website besucht h\u00e4tte, von der die eingebetteten Inhalte stammen.<\/p>&#13;\n&#13;\n<p>Diese Websites k\u00f6nnen Informationen \u00fcber Sie sammeln, Cookies verwenden, Tracking-Systeme von Drittanbietern einbetten und \u00fcberwachen, was Sie durch diesen eingebetteten Inhalt tun. Dazu geh\u00f6rt auch die Verfolgung Ihrer Aktionen \u00fcber die integrierten Inhalte, wenn Sie ein Konto haben und auf der Website angemeldet sind.<\/p>&#13;\n&#13;\n<h2 class=\"wp-block-heading\">Mit wem wir Ihre Informationen teilen<\/h2>&#13;\n&#13;\n<p>Wenn Sie das Zur\u00fccksetzen des Passworts anfordern, wird Ihre IP-Adresse in der E-Mail zum Zur\u00fccksetzen des Passworts enthalten sein.<\/p>&#13;\n&#13;\n<h2 class=\"wp-block-heading\">Wie lange wir Informationen \u00fcber Sie aufbewahren<\/h2>&#13;\n&#13;\n<p>Wenn Sie einen Kommentar hinterlassen, werden der Kommentar und die Informationen zum Kommentar unbegrenzt gespeichert. Auf diese Weise k\u00f6nnen wir Folgekommentare erkennen und automatisch genehmigen, anstatt sie in eine Warteschlange zu stellen, in der sie manuell von einem Redakteur genehmigt werden m\u00fcssen.<\/p>&#13;\n&#13;\n<p>F\u00fcr Benutzer, die sich auf dieser Website registrieren (sofern diese Option besteht), werden auch pers\u00f6nliche Informationen gespeichert, die sie in ihrem Benutzerprofil angeben. Alle Benutzer k\u00f6nnen ihre eigenen pers\u00f6nlichen Informationen jederzeit anzeigen, bearbeiten und l\u00f6schen (mit Ausnahme des Benutzernamens). Die Site-Administratoren k\u00f6nnen diese Informationen auch anzeigen und bearbeiten.<\/p>&#13;\n&#13;\n<h2 class=\"wp-block-heading\">Ihre Rechte in Bezug auf Informationen, die wir \u00fcber Sie haben<\/h2>&#13;\n&#13;\n<p>Wenn Sie ein Konto auf dieser Website haben oder Kommentare hinterlassen haben, k\u00f6nnen Sie eine Exportdatei anfordern, die die personenbezogenen Daten enth\u00e4lt, die wir \u00fcber Sie gespeichert haben. Dazu geh\u00f6ren alle Daten, die Sie uns mitgeteilt haben. Sie k\u00f6nnen auch verlangen, dass wir alle personenbezogenen Daten l\u00f6schen, die wir \u00fcber Sie haben. Dies umfasst keine Informationen, die wir aus administrativen, rechtlichen oder Sicherheitsgr\u00fcnden speichern m\u00fcssen.<\/p>&#13;\n&#13;\n<h2 class=\"wp-block-heading\">Wohin wir Informationen \u00fcber Sie senden<\/h2>&#13;\n&#13;\n<p>Besucher-Kommentare k\u00f6nnen von einem automatischen Spam-Erkennungsdienst \u00fcberpr\u00fcft werden.<\/p>&#13;\n","protected":false},"excerpt":{"rendered":"<p>&#13; Wer wir sind &#13; &#13; Unsere Website-Adresse lautet: https: \/\/ kryptow\u00e4hrung .info &#13; &#13; Bemerkungen &#13; &#13; Wenn Besucher Kommentare auf der Seite abgeben, werden neben der IP-Adresse des Besuchers und der Browserversion des Besuchers auch die im Kommentarformular gemachten Angaben gespeichert. Dies geschieht, um Junk-Kommentare zu vermeiden. &#13; &#13; Eine anonyme Textzeichenfolge, die [&hellip;]<\/p>\n","protected":false},"author":3,"featured_media":0,"parent":0,"menu_order":0,"comment_status":"closed","ping_status":"closed","template":"","meta":{"footnotes":""},"class_list":["post-46306","page","type-page","status-publish","hentry"],"_links":{"self":[{"href":"https:\/\/kryptovaluta.info\/de\/wp-json\/wp\/v2\/pages\/46306","targetHints":{"allow":["GET"]}}],"collection":[{"href":"https:\/\/kryptovaluta.info\/de\/wp-json\/wp\/v2\/pages"}],"about":[{"href":"https:\/\/kryptovaluta.info\/de\/wp-json\/wp\/v2\/types\/page"}],"author":[{"embeddable":true,"href":"https:\/\/kryptovaluta.info\/de\/wp-json\/wp\/v2\/users\/3"}],"replies":[{"embeddable":true,"href":"https:\/\/kryptovaluta.info\/de\/wp-json\/wp\/v2\/comments?post=46306"}],"version-history":[{"count":1,"href":"https:\/\/kryptovaluta.info\/de\/wp-json\/wp\/v2\/pages\/46306\/revisions"}],"predecessor-version":[{"id":61185,"href":"https:\/\/kryptovaluta.info\/de\/wp-json\/wp\/v2\/pages\/46306\/revisions\/61185"}],"wp:attachment":[{"href":"https:\/\/kryptovaluta.info\/de\/wp-json\/wp\/v2\/media?parent=46306"}],"curies":[{"name":"wp","href":"https:\/\/api.w.org\/{rel}","templated":true}]}}