{"id":46290,"date":"2018-08-19T00:20:12","date_gmt":"2018-08-19T00:20:12","guid":{"rendered":"http:\/\/kryptovaluta.info\/contactenos\/"},"modified":"2022-05-02T13:29:44","modified_gmt":"2022-05-02T13:29:44","slug":"contactenos","status":"publish","type":"page","link":"https:\/\/kryptovaluta.info\/es\/contactenos\/","title":{"rendered":"Cont\u00e1ctenos"},"content":{"rendered":"\n<div class=\"wpcf7 no-js\" id=\"wpcf7-f2849-o1\" lang=\"nb-NO\" dir=\"ltr\" data-wpcf7-id=\"2849\">\n<div class=\"screen-reader-response\"><p role=\"status\" aria-live=\"polite\" aria-atomic=\"true\"><\/p> <ul><\/ul><\/div>\n<form action=\"\/es\/wp-json\/wp\/v2\/pages\/46290#wpcf7-f2849-o1\" method=\"post\" class=\"wpcf7-form init\" aria-label=\"Kontaktskjema\" novalidate=\"novalidate\" data-status=\"init\">\n<fieldset class=\"hidden-fields-container\"><input type=\"hidden\" name=\"_wpcf7\" value=\"2849\" \/><input type=\"hidden\" name=\"_wpcf7_version\" value=\"6.1.4\" \/><input type=\"hidden\" name=\"_wpcf7_locale\" value=\"nb_NO\" \/><input type=\"hidden\" name=\"_wpcf7_unit_tag\" value=\"wpcf7-f2849-o1\" \/><input type=\"hidden\" name=\"_wpcf7_container_post\" value=\"0\" \/><input type=\"hidden\" name=\"_wpcf7_posted_data_hash\" value=\"\" \/>\n<\/fieldset>\n<p>Ditt navn (obligatorisk)<br \/>\n<span class=\"wpcf7-form-control-wrap\" data-name=\"your-name\"><input size=\"40\" maxlength=\"400\" class=\"wpcf7-form-control wpcf7-text wpcf7-validates-as-required\" aria-required=\"true\" aria-invalid=\"false\" value=\"\" type=\"text\" name=\"your-name\" \/><\/span>\n<\/p>\n<p>E-post (obligatorisk)<br \/>\n<span class=\"wpcf7-form-control-wrap\" data-name=\"your-email\"><input size=\"40\" maxlength=\"400\" class=\"wpcf7-form-control wpcf7-email wpcf7-validates-as-required wpcf7-text wpcf7-validates-as-email\" aria-required=\"true\" aria-invalid=\"false\" value=\"\" type=\"email\" name=\"your-email\" \/><\/span>\n<\/p>\n<p>Emne (obligatorisk)<br \/>\n<span class=\"wpcf7-form-control-wrap\" data-name=\"your-subject\"><input size=\"40\" maxlength=\"400\" class=\"wpcf7-form-control wpcf7-text wpcf7-validates-as-required\" aria-required=\"true\" aria-invalid=\"false\" value=\"\" type=\"text\" name=\"your-subject\" \/><\/span>\n<\/p>\n<p>Melding<br \/>\n<span class=\"wpcf7-form-control-wrap\" data-name=\"your-message\"><textarea cols=\"40\" rows=\"10\" maxlength=\"10000\" minlength=\"20\" class=\"wpcf7-form-control wpcf7-textarea wpcf7-validates-as-required\" aria-required=\"true\" aria-invalid=\"false\" name=\"your-message\"><\/textarea><\/span>\n<\/p>\n<p>[honeypot mellomnavn-77 move-inline-css:true]\n<\/p>\n<p><span class=\"wpcf7-form-control-wrap\" data-name=\"capital-quiz\"><label><span class=\"wpcf7-quiz-label\">Hvilket tall er minst, 2 eller 6?<\/span> <input size=\"40\" class=\"wpcf7-form-control wpcf7-quiz\" autocomplete=\"off\" aria-required=\"true\" aria-invalid=\"false\" type=\"text\" name=\"capital-quiz\" \/><\/label><input type=\"hidden\" name=\"_wpcf7_quiz_answer_capital-quiz\" value=\"f02c47334f7b96d40356614ebc375995\" \/><\/span>\n<\/p>\n<p><input class=\"wpcf7-form-control wpcf7-submit has-spinner\" type=\"submit\" value=\"Send\" \/>\n<\/p><div class=\"wpcf7-response-output\" aria-hidden=\"true\"><\/div>\n<\/form>\n<\/div>\n\n<h2>Informaci\u00f3n legal de la empresa<\/h2>\n<p><a href=\"https:\/\/ajom.info\/\">Media Joe Online Marketing O\u00dc<\/a><br \/>\nKesklinna linnaosa, P\u00e4rnu mnt 158<br \/>\n11317 Tallin<br \/>\nEstonia<\/p>\n<p>nr.org: EE102365672<\/p>\n","protected":false},"excerpt":{"rendered":"<p>Informaci\u00f3n legal de la empresa Media Joe Online Marketing O\u00dc Kesklinna linnaosa, P\u00e4rnu mnt 158 11317 Tallin Estonia nr.org: EE102365672<\/p>\n","protected":false},"author":3,"featured_media":0,"parent":0,"menu_order":0,"comment_status":"closed","ping_status":"closed","template":"","meta":{"footnotes":""},"class_list":["post-46290","page","type-page","status-publish","hentry"],"_links":{"self":[{"href":"https:\/\/kryptovaluta.info\/es\/wp-json\/wp\/v2\/pages\/46290","targetHints":{"allow":["GET"]}}],"collection":[{"href":"https:\/\/kryptovaluta.info\/es\/wp-json\/wp\/v2\/pages"}],"about":[{"href":"https:\/\/kryptovaluta.info\/es\/wp-json\/wp\/v2\/types\/page"}],"author":[{"embeddable":true,"href":"https:\/\/kryptovaluta.info\/es\/wp-json\/wp\/v2\/users\/3"}],"replies":[{"embeddable":true,"href":"https:\/\/kryptovaluta.info\/es\/wp-json\/wp\/v2\/comments?post=46290"}],"version-history":[{"count":1,"href":"https:\/\/kryptovaluta.info\/es\/wp-json\/wp\/v2\/pages\/46290\/revisions"}],"predecessor-version":[{"id":61423,"href":"https:\/\/kryptovaluta.info\/es\/wp-json\/wp\/v2\/pages\/46290\/revisions\/61423"}],"wp:attachment":[{"href":"https:\/\/kryptovaluta.info\/es\/wp-json\/wp\/v2\/media?parent=46290"}],"curies":[{"name":"wp","href":"https:\/\/api.w.org\/{rel}","templated":true}]}}