{"id":46319,"date":"2021-08-27T09:13:19","date_gmt":"2021-08-27T09:13:19","guid":{"rendered":"http:\/\/kryptovaluta.info\/privacidad\/"},"modified":"2022-05-02T13:23:58","modified_gmt":"2022-05-02T13:23:58","slug":"privacidad","status":"publish","type":"page","link":"https:\/\/kryptovaluta.info\/es\/privacidad\/","title":{"rendered":"Privacidad"},"content":{"rendered":"&#13;\n<h2 class=\"wp-block-heading\">Quienes somos<\/h2>&#13;\n&#13;\n<p>La direcci\u00f3n de nuestro sitio web es: https: \/\/ criptomoneda .info<\/p>&#13;\n&#13;\n<h2 class=\"wp-block-heading\">Comentarios<\/h2>&#13;\n&#13;\n<p>Cuando los visitantes publican comentarios en la p\u00e1gina, la informaci\u00f3n proporcionada en el formulario de comentarios se almacena adem\u00e1s de la direcci\u00f3n IP del visitante y la versi\u00f3n del navegador del visitante. Esto se hace para ayudar a evitar comentarios basura.<\/p>&#13;\n&#13;\n<p>Se puede enviar una cadena de texto an\u00f3nima generada en base a su direcci\u00f3n de correo electr\u00f3nico (tambi\u00e9n llamada \u00abhash\u00bb) al servicio Gravatar para verificar si tiene una cuenta all\u00ed. La declaraci\u00f3n de privacidad de Gravatar se encuentra aqu\u00ed: https:\/\/automattic.com\/privacy\/. Despu\u00e9s de que su comentario haya sido aprobado, su foto de perfil ser\u00e1 visible para cualquier persona en relaci\u00f3n con su comentario.<\/p>&#13;\n&#13;\n<h2 class=\"wp-block-heading\">Medios de comunicaci\u00f3n<\/h2>&#13;\n&#13;\n<p>Si est\u00e1 cargando im\u00e1genes en el sitio, debe evitar cargar im\u00e1genes que contengan informaci\u00f3n sobre la ubicaci\u00f3n tomada (GPS EXIF). Los visitantes del sitio pueden descargar y recuperar dicha informaci\u00f3n de las im\u00e1genes del sitio.<\/p>&#13;\n&#13;\n<h2 class=\"wp-block-heading\">Galletas<\/h2>&#13;\n&#13;\n<p>Si publica un comentario en este sitio, puede pedirnos que recordemos su nombre, correo electr\u00f3nico y sitio. Esta informaci\u00f3n se almacena en una cookie y est\u00e1 ah\u00ed para facilitarle las cosas. No necesita volver a ingresar esta informaci\u00f3n la pr\u00f3xima vez que publique un comentario. Estas cookies expiran despu\u00e9s de un a\u00f1o.<\/p>&#13;\n&#13;\n<p>Si visita nuestra p\u00e1gina de inicio de sesi\u00f3n, crearemos una cookie temporal para determinar si su navegador acepta cookies. Esta cookie no contiene informaci\u00f3n personal y desaparece tan pronto como cierra su navegador.<\/p>&#13;\n&#13;\n<p>Cuando inicia sesi\u00f3n, se crean cookies que almacenan su informaci\u00f3n de inicio de sesi\u00f3n y las elecciones que ha realizado con respecto a c\u00f3mo se debe mostrar el contenido. Las cookies con informaci\u00f3n de inicio de sesi\u00f3n caducan a los dos d\u00edas, mientras que las que tienen opciones de visualizaci\u00f3n duran un a\u00f1o. Si marca &#8216;Recordarme&#8217;, su informaci\u00f3n de inicio de sesi\u00f3n se mantendr\u00e1 durante dos semanas. Si cierra sesi\u00f3n en su cuenta, estas cookies desaparecer\u00e1n.<\/p>&#13;\n&#13;\n<p>Si edita o publica un art\u00edculo, se almacenar\u00e1 una cookie adicional en su navegador. Esta cookie no contiene informaci\u00f3n personal, sino solo el ID del art\u00edculo que acaba de editar. Caduca despu\u00e9s de un d\u00eda.<\/p>&#13;\n&#13;\n<h2 class=\"wp-block-heading\">Contenido incrustado de otros sitios<\/h2>&#13;\n&#13;\n<p>Los art\u00edculos de esta p\u00e1gina pueden incluir contenido incrustado (por ejemplo, videos, im\u00e1genes, art\u00edculos, etc.). El contenido incrustado de otros sitios se comporta exactamente de la misma manera que si el visitante hubiera visitado el sitio del que proviene el contenido incrustado.<\/p>&#13;\n&#13;\n<p>Estos sitios pueden recopilar informaci\u00f3n sobre usted, usar cookies, incorporar sistemas de seguimiento de terceros y monitorear lo que hace a trav\u00e9s de este contenido incorporado. Esto tambi\u00e9n incluye el seguimiento de sus acciones a trav\u00e9s del contenido incorporado si tiene una cuenta y ha iniciado sesi\u00f3n en el sitio.<\/p>&#13;\n&#13;\n<h2 class=\"wp-block-heading\">Con qui\u00e9n compartimos su informaci\u00f3n<\/h2>&#13;\n&#13;\n<p>Si solicita que se restablezca la contrase\u00f1a, su direcci\u00f3n IP se incluir\u00e1 en el correo electr\u00f3nico de restablecimiento de contrase\u00f1a.<\/p>&#13;\n&#13;\n<h2 class=\"wp-block-heading\">Cu\u00e1nto tiempo conservamos informaci\u00f3n sobre usted<\/h2>&#13;\n&#13;\n<p>Si deja un comentario, el comentario y la informaci\u00f3n sobre el comentario se almacenar\u00e1n indefinidamente. Esto es para que podamos reconocer los comentarios de seguimiento y aprobarlos autom\u00e1ticamente en lugar de ponerlos en una cola donde un editor debe aprobarlos manualmente.<\/p>&#13;\n&#13;\n<p>Para los usuarios que se registran en este sitio web (si existe esta opci\u00f3n), tambi\u00e9n se almacena la informaci\u00f3n personal que proporcionan en su perfil de usuario. Todos los usuarios pueden ver, editar y eliminar su propia informaci\u00f3n personal en cualquier momento (excepto el nombre de usuario). Los administradores del sitio tambi\u00e9n pueden ver y editar esta informaci\u00f3n.<\/p>&#13;\n&#13;\n<h2 class=\"wp-block-heading\">Sus derechos con respecto a la informaci\u00f3n que tenemos sobre usted<\/h2>&#13;\n&#13;\n<p>Si tiene una cuenta en este sitio o ha dejado comentarios, puede solicitar un archivo de exportaci\u00f3n que contenga la informaci\u00f3n personal que tenemos sobre usted. Esto incluye todos los datos que nos ha proporcionado. Tambi\u00e9n puede solicitar que eliminemos toda la informaci\u00f3n personal que tenemos sobre usted. Esto no incluye la informaci\u00f3n que estamos obligados a almacenar por razones administrativas, legales o de seguridad.<\/p>&#13;\n&#13;\n<h2 class=\"wp-block-heading\">D\u00f3nde enviamos informaci\u00f3n sobre usted<\/h2>&#13;\n&#13;\n<p>Los comentarios de los visitantes se pueden comprobar a trav\u00e9s de un servicio de reconocimiento autom\u00e1tico de spam.<\/p>&#13;\n","protected":false},"excerpt":{"rendered":"<p>&#13; Quienes somos &#13; &#13; La direcci\u00f3n de nuestro sitio web es: https: \/\/ criptomoneda .info &#13; &#13; Comentarios &#13; &#13; Cuando los visitantes publican comentarios en la p\u00e1gina, la informaci\u00f3n proporcionada en el formulario de comentarios se almacena adem\u00e1s de la direcci\u00f3n IP del visitante y la versi\u00f3n del navegador del visitante. Esto se [&hellip;]<\/p>\n","protected":false},"author":3,"featured_media":0,"parent":0,"menu_order":0,"comment_status":"closed","ping_status":"closed","template":"","meta":{"footnotes":""},"class_list":["post-46319","page","type-page","status-publish","hentry"],"_links":{"self":[{"href":"https:\/\/kryptovaluta.info\/es\/wp-json\/wp\/v2\/pages\/46319","targetHints":{"allow":["GET"]}}],"collection":[{"href":"https:\/\/kryptovaluta.info\/es\/wp-json\/wp\/v2\/pages"}],"about":[{"href":"https:\/\/kryptovaluta.info\/es\/wp-json\/wp\/v2\/types\/page"}],"author":[{"embeddable":true,"href":"https:\/\/kryptovaluta.info\/es\/wp-json\/wp\/v2\/users\/3"}],"replies":[{"embeddable":true,"href":"https:\/\/kryptovaluta.info\/es\/wp-json\/wp\/v2\/comments?post=46319"}],"version-history":[{"count":1,"href":"https:\/\/kryptovaluta.info\/es\/wp-json\/wp\/v2\/pages\/46319\/revisions"}],"predecessor-version":[{"id":61201,"href":"https:\/\/kryptovaluta.info\/es\/wp-json\/wp\/v2\/pages\/46319\/revisions\/61201"}],"wp:attachment":[{"href":"https:\/\/kryptovaluta.info\/es\/wp-json\/wp\/v2\/media?parent=46319"}],"curies":[{"name":"wp","href":"https:\/\/api.w.org\/{rel}","templated":true}]}}