{"id":46324,"date":"2021-08-27T09:13:19","date_gmt":"2021-08-27T09:13:19","guid":{"rendered":"http:\/\/kryptovaluta.info\/privaatsus\/"},"modified":"2022-05-02T13:23:59","modified_gmt":"2022-05-02T13:23:59","slug":"privaatsus","status":"publish","type":"page","link":"https:\/\/kryptovaluta.info\/et\/privaatsus\/","title":{"rendered":"Privaatsus"},"content":{"rendered":"&#13;\n<h2 class=\"wp-block-heading\">Kes me oleme<\/h2>&#13;\n&#13;\n<p>Meie veebisaidi aadress on: https:\/\/ kr\u00fcptovaluuta .info<\/p>&#13;\n&#13;\n<h2 class=\"wp-block-heading\">Kommentaarid<\/h2>&#13;\n&#13;\n<p>Kui k\u00fclastajad postitavad lehele kommentaare, salvestatakse lisaks k\u00fclastaja IP-aadressile ja k\u00fclastaja brauseri versioonile ka kommentaarivormis toodud teave. Seda tehakse selleks, et v\u00e4ltida r\u00e4mpskommentaare.<\/p>&#13;\n&#13;\n<p>Teie e-posti aadressi p\u00f5hjal genereeritud anon\u00fc\u00fcmse tekstistringi (mida nimetatakse ka &#8220;r\u00e4siks&#8221;) saab saata teenusesse Gravatar, et kontrollida, kas teil on seal konto. Gravatari privaatsusavaldus asub siin: https:\/\/automattic.com\/privacy\/. P\u00e4rast teie kommentaari kinnitamist on teie profiilipilt teie kommentaariga seoses k\u00f5igile n\u00e4htav.<\/p>&#13;\n&#13;\n<h2 class=\"wp-block-heading\">Meedia<\/h2>&#13;\n&#13;\n<p>Kui laadite saidile pilte \u00fcles, peaksite v\u00e4ltima piltide \u00fcleslaadimist, mis sisaldavad teavet tehtud asukoha kohta (EXIF GPS). Saidi k\u00fclastajad saavad sellist teavet saidi piltidelt alla laadida ja sealt alla laadida.<\/p>&#13;\n&#13;\n<h2 class=\"wp-block-heading\">K\u00fcpsised<\/h2>&#13;\n&#13;\n<p>Kui postitate sellele saidile kommentaari, v\u00f5ite paluda meil meeles pidada teie nime, e-posti aadressi ja saiti. See teave salvestatakse k\u00fcpsisesse ja see on teie jaoks lihtsamaks muutmiseks. J\u00e4rgmine kord, kui kommenteerite, ei pea te seda teavet uuesti sisestama. Need k\u00fcpsised aeguvad \u00fche aasta p\u00e4rast.<\/p>&#13;\n&#13;\n<p>Kui k\u00fclastate meie sisselogimislehte, loome ajutise k\u00fcpsise, et teha kindlaks, kas teie brauser aktsepteerib k\u00fcpsiseid. See k\u00fcpsis ei sisalda isikuandmeid ja kaob niipea, kui sulgete brauseri.<\/p>&#13;\n&#13;\n<p>Sisselogimisel luuakse k\u00fcpsised, mis salvestavad teie sisselogimisandmed ja valikud, mille olete sisu kuvamise osas teinud. Sisselogimisandmetega k\u00fcpsised aeguvad kahe p\u00e4eva p\u00e4rast, kuvamisvalikutega k\u00fcpsised aga \u00fche aasta. Kui m\u00e4rgite linnukese &#8220;J\u00e4ta mind meelde&#8221;, s\u00e4ilitatakse teie sisselogimisandmeid kaks n\u00e4dalat. Kui logite oma kontolt v\u00e4lja, kaovad need k\u00fcpsised.<\/p>&#13;\n&#13;\n<p>Kui muudate v\u00f5i avaldate artiklit, salvestatakse teie brauserisse t\u00e4iendav k\u00fcpsis. See k\u00fcpsis ei sisalda isikuandmeid, vaid ainult \u00e4sja redigeeritud artikli ID-d. See aegub \u00fche p\u00e4eva p\u00e4rast.<\/p>&#13;\n&#13;\n<h2 class=\"wp-block-heading\">Manustatud sisu teistelt saitidelt<\/h2>&#13;\n&#13;\n<p>Sellel lehel olevad artiklid v\u00f5ivad sisaldada manustatud sisu (nt videod, pildid, artiklid jne). Teiste saitide manustatud sisu k\u00e4itub t\u00e4pselt samamoodi, nagu oleks k\u00fclastaja k\u00fclastanud saiti, kust manustatud sisu p\u00e4rineb.<\/p>&#13;\n&#13;\n<p>Need saidid v\u00f5ivad koguda teie kohta teavet, kasutada k\u00fcpsiseid, manustada kolmanda osapoole j\u00e4lgimiss\u00fcsteeme ja j\u00e4lgida, mida te selle manustatud sisu kaudu teete. See h\u00f5lmab ka teie toimingute j\u00e4lgimist sisseehitatud sisu kaudu, kui teil on konto ja olete saidile sisse logitud.<\/p>&#13;\n&#13;\n<h2 class=\"wp-block-heading\">Kellega me teie teavet jagame<\/h2>&#13;\n&#13;\n<p>Kui taotlete parooli l\u00e4htestamist, lisatakse teie IP-aadress parooli l\u00e4htestamise meili.<\/p>&#13;\n&#13;\n<h2 class=\"wp-block-heading\">Kui kaua me teie kohta teavet s\u00e4ilitame<\/h2>&#13;\n&#13;\n<p>Kommentaari j\u00e4tmisel s\u00e4ilitatakse kommentaari ja kommentaari puudutavat teavet t\u00e4htajatult. Seda selleks, et saaksime j\u00e4relkommentaarid \u00e4ra tunda ja need automaatselt heaks kiita, selle asemel, et panna need j\u00e4rjekorda, kus toimetaja peab need k\u00e4sitsi kinnitama.<\/p>&#13;\n&#13;\n<p>Sellel veebisaidil registreeruvate kasutajate jaoks (kui see valik on olemas) salvestatakse ka nende kasutajaprofiilis esitatud isikuandmed. K\u00f5ik kasutajad saavad igal ajal vaadata, muuta ja kustutada oma isiklikku teavet (v\u00e4lja arvatud kasutajanimi). Seda teavet saavad vaadata ja muuta ka saidi administraatorid.<\/p>&#13;\n&#13;\n<h2 class=\"wp-block-heading\">Teie \u00f5igused seoses teabega, mis meil teie kohta on<\/h2>&#13;\n&#13;\n<p>Kui teil on sellel saidil konto v\u00f5i olete j\u00e4tnud kommentaare, v\u00f5ite taotleda ekspordifaili, mis sisaldab teie kohta meil olevat isiklikku teavet. See h\u00f5lmab k\u00f5iki andmeid, mille olete meile esitanud. Samuti v\u00f5ite taotleda, et kustutaksime k\u00f5ik teie kohta meil olevad isikuandmed. See ei h\u00f5lma teavet, mida peame s\u00e4ilitama administratiivsetel, \u00f5iguslikel v\u00f5i turvakaalutlustel.<\/p>&#13;\n&#13;\n<h2 class=\"wp-block-heading\">Kuhu me teie kohta teavet saadame<\/h2>&#13;\n&#13;\n<p>K\u00fclastajate kommentaare saab kontrollida automaatse r\u00e4mpspostituvastusteenuse kaudu.<\/p>&#13;\n","protected":false},"excerpt":{"rendered":"<p>&#13; Kes me oleme &#13; &#13; Meie veebisaidi aadress on: https:\/\/ kr\u00fcptovaluuta .info &#13; &#13; Kommentaarid &#13; &#13; Kui k\u00fclastajad postitavad lehele kommentaare, salvestatakse lisaks k\u00fclastaja IP-aadressile ja k\u00fclastaja brauseri versioonile ka kommentaarivormis toodud teave. Seda tehakse selleks, et v\u00e4ltida r\u00e4mpskommentaare. &#13; &#13; Teie e-posti aadressi p\u00f5hjal genereeritud anon\u00fc\u00fcmse tekstistringi (mida nimetatakse ka &#8220;r\u00e4siks&#8221;) saab [&hellip;]<\/p>\n","protected":false},"author":3,"featured_media":0,"parent":0,"menu_order":0,"comment_status":"closed","ping_status":"closed","template":"","meta":{"footnotes":""},"class_list":["post-46324","page","type-page","status-publish","hentry"],"_links":{"self":[{"href":"https:\/\/kryptovaluta.info\/et\/wp-json\/wp\/v2\/pages\/46324","targetHints":{"allow":["GET"]}}],"collection":[{"href":"https:\/\/kryptovaluta.info\/et\/wp-json\/wp\/v2\/pages"}],"about":[{"href":"https:\/\/kryptovaluta.info\/et\/wp-json\/wp\/v2\/types\/page"}],"author":[{"embeddable":true,"href":"https:\/\/kryptovaluta.info\/et\/wp-json\/wp\/v2\/users\/3"}],"replies":[{"embeddable":true,"href":"https:\/\/kryptovaluta.info\/et\/wp-json\/wp\/v2\/comments?post=46324"}],"version-history":[{"count":1,"href":"https:\/\/kryptovaluta.info\/et\/wp-json\/wp\/v2\/pages\/46324\/revisions"}],"predecessor-version":[{"id":61171,"href":"https:\/\/kryptovaluta.info\/et\/wp-json\/wp\/v2\/pages\/46324\/revisions\/61171"}],"wp:attachment":[{"href":"https:\/\/kryptovaluta.info\/et\/wp-json\/wp\/v2\/media?parent=46324"}],"curies":[{"name":"wp","href":"https:\/\/api.w.org\/{rel}","templated":true}]}}