{"id":46555,"date":"2021-10-01T07:54:40","date_gmt":"2021-10-01T07:54:40","guid":{"rendered":"http:\/\/kryptovaluta.info\/yksityisyys-4\/"},"modified":"2022-04-14T20:02:46","modified_gmt":"2022-04-14T20:02:46","slug":"yksityisyys-4","status":"publish","type":"page","link":"https:\/\/kryptovaluta.info\/fi\/yksityisyys-4\/","title":{"rendered":"Yksityisyys"},"content":{"rendered":"&#13;\n<h2 class=\"wp-block-heading\">Keit\u00e4 olemme<\/h2>&#13;\n&#13;\n<p>Verkkosivustomme osoite on: http:\/\/kryptovaluta.info<\/p>&#13;\n&#13;\n<h2 class=\"wp-block-heading\">Kommentit<\/h2>&#13;\n&#13;\n<p>Kun vierailijat kirjoittavat sivulle kommentteja, kommenttilomakkeessa olevat tiedot tallennetaan vierailijan IP-osoitteen ja vierailijan selainversion lis\u00e4ksi. T\u00e4m\u00e4 tehd\u00e4\u00e4n ei-toivottujen kommenttien v\u00e4ltt\u00e4miseksi.<\/p>&#13;\n&#13;\n<p>S\u00e4hk\u00f6postiosoitteesi perusteella luotu anonyymi tekstimerkkijono (kutsutaan my\u00f6s &#8221;hashiksi&#8221;) voidaan l\u00e4hett\u00e4\u00e4 Gravatar-palveluun varmistamaan, ett\u00e4 sinulla on tili siell\u00e4. Gravatarin tietosuojaseloste on t\u00e4\u00e4ll\u00e4: https:\/\/automattic.com\/privacy\/. Kun kommenttisi on hyv\u00e4ksytty, profiilikuvasi n\u00e4kyy kaikille kommenttisi yhteydess\u00e4.<\/p>&#13;\n&#13;\n<h2 class=\"wp-block-heading\">Media<\/h2>&#13;\n&#13;\n<p>Jos lataat kuvia sivustolle, sinun tulee v\u00e4ltt\u00e4\u00e4 lataamasta kuvia, jotka sis\u00e4lt\u00e4v\u00e4t tietoja niiden ottamispaikasta (EXIF GPS). Sivuston vierailijat voivat ladata ja hakea t\u00e4llaisia tietoja Sivustolla olevista kuvista.<\/p>&#13;\n&#13;\n<h2 class=\"wp-block-heading\">Keksit<\/h2>&#13;\n&#13;\n<p>Jos kirjoitat kommentin t\u00e4lle sivulle, pyyd\u00e4 meit\u00e4 muistamaan nimesi, s\u00e4hk\u00f6postiosoitteesi ja verkkosivustosi. N\u00e4m\u00e4 tiedot tallennetaan ev\u00e4steeseen, ja ne helpottavat toimintaasi. Sinun ei tarvitse sy\u00f6tt\u00e4\u00e4 n\u00e4it\u00e4 tietoja uudelleen, kun seuraavan kerran kirjoitat kommentin. N\u00e4m\u00e4 ev\u00e4steet vanhenevat vuoden kuluttua.<\/p>&#13;\n&#13;\n<p>Jos vierailet kirjautumissivullamme, luomme v\u00e4liaikaisen ev\u00e4steen m\u00e4\u00e4ritt\u00e4\u00e4ksemme, hyv\u00e4ksyyk\u00f6 selaimesi ev\u00e4steet. T\u00e4m\u00e4 ev\u00e4ste ei sis\u00e4ll\u00e4 henkil\u00f6kohtaisia tietoja ja katoaa heti, kun suljet selaimesi.<\/p>&#13;\n&#13;\n<p>Kun kirjaudut sis\u00e4\u00e4n, luodaan ev\u00e4steit\u00e4, jotka tallentavat kirjautumistietosi ja tekem\u00e4si valinnat sis\u00e4ll\u00f6n n\u00e4ytt\u00e4misen suhteen. Kirjautumistiedoilla varustetut ev\u00e4steet vanhenevat kahden p\u00e4iv\u00e4n kuluttua, kun taas n\u00e4ytt\u00f6vaihtoehdoilla varustetut ev\u00e4steet ovat voimassa vuoden. Jos valitset &#8217;Muista minut&#8217;, kirjautumistietosi s\u00e4ilyv\u00e4t kahden viikon ajan. Jos kirjaudut ulos tililt\u00e4si, n\u00e4m\u00e4 ev\u00e4steet katoavat.<\/p>&#13;\n&#13;\n<p>Jos muokkaat tai julkaiset artikkelin, selaimeesi tallennetaan lis\u00e4ev\u00e4ste. T\u00e4m\u00e4 ev\u00e4ste ei sis\u00e4ll\u00e4 henkil\u00f6tietoja, vaan vain juuri muokkaamasi artikkelin tunnuksen. Se vanhenee yhden p\u00e4iv\u00e4n kuluttua.<\/p>&#13;\n&#13;\n<h2 class=\"wp-block-heading\">Upotettu sis\u00e4lt\u00f6 muilta sivustoilta<\/h2>&#13;\n&#13;\n<p>T\u00e4m\u00e4n sivun artikkelit voivat sis\u00e4lt\u00e4\u00e4 upotettua sis\u00e4lt\u00f6\u00e4 (kuten videoita, kuvia, artikkeleita jne.). Muiden sivustojen upotettu sis\u00e4lt\u00f6 k\u00e4ytt\u00e4ytyy t\u00e4sm\u00e4lleen samalla tavalla kuin jos k\u00e4vij\u00e4 olisi k\u00e4ynyt sivustolla, josta upotettu sis\u00e4lt\u00f6 tulee.<\/p>&#13;\n&#13;\n<p>N\u00e4m\u00e4 sivustot voivat ker\u00e4t\u00e4 tietoja sinusta, k\u00e4ytt\u00e4\u00e4 ev\u00e4steit\u00e4, integroida kolmannen osapuolen seurantaj\u00e4rjestelmi\u00e4 ja valvoa, mit\u00e4 teet t\u00e4m\u00e4n upotetun sis\u00e4ll\u00f6n kautta. T\u00e4m\u00e4 sis\u00e4lt\u00e4\u00e4 my\u00f6s toimintojesi seurannan sis\u00e4\u00e4nrakennetun sis\u00e4ll\u00f6n kautta, jos sinulla on tili ja olet kirjautunut sivustolle.<\/p>&#13;\n&#13;\n<h2 class=\"wp-block-heading\">Kenen kanssa jaamme tietosi<\/h2>&#13;\n&#13;\n<p>Jos pyyd\u00e4t salasanan vaihtoa, IP-osoitteesi sis\u00e4llytet\u00e4\u00e4n salasanan palautusviestiin.<\/p>&#13;\n&#13;\n<h2 class=\"wp-block-heading\">Kuinka kauan s\u00e4ilyt\u00e4mme tietoja sinusta<\/h2>&#13;\n&#13;\n<p>Jos l\u00e4het\u00e4t kommentin, kommentti ja kommenttitiedot s\u00e4ilyv\u00e4t toistaiseksi. N\u00e4in voimme tunnistaa jatkokommentit ja hyv\u00e4ksy\u00e4 ne automaattisesti sen sijaan, ett\u00e4 laittaisimme ne jonoon, jossa editorin on hyv\u00e4ksytt\u00e4v\u00e4 ne manuaalisesti.<\/p>&#13;\n&#13;\n<p>T\u00e4lle sivustolle rekister\u00f6ityville k\u00e4ytt\u00e4jille (jos t\u00e4m\u00e4 vaihtoehto on k\u00e4ytett\u00e4viss\u00e4) tallennetaan my\u00f6s heid\u00e4n k\u00e4ytt\u00e4j\u00e4profiiliinsa antamansa henkil\u00f6tiedot. Kaikki k\u00e4ytt\u00e4j\u00e4t voivat tarkastella, muokata ja poistaa omia henkil\u00f6kohtaisia tietojaan (paitsi k\u00e4ytt\u00e4j\u00e4tunnusta) milloin tahansa. Sivuston yll\u00e4pit\u00e4j\u00e4t voivat my\u00f6s tarkastella ja muokata n\u00e4it\u00e4 tietoja.<\/p>&#13;\n&#13;\n<h2 class=\"wp-block-heading\">Oikeutesi koskien tietoja, jotka meill\u00e4 on sinusta<\/h2>&#13;\n&#13;\n<p>Jos sinulla on tili t\u00e4ll\u00e4 sivustolla tai olet j\u00e4tt\u00e4nyt kommentteja, voit pyyt\u00e4\u00e4 vientitiedostoa, joka sis\u00e4lt\u00e4\u00e4 hallussamme olevat henkil\u00f6tiedot. T\u00e4m\u00e4 sis\u00e4lt\u00e4\u00e4 kaikki meille antamasi tiedot. Voit my\u00f6s pyyt\u00e4\u00e4 meit\u00e4 poistamaan kaikki hallussamme olevat henkil\u00f6tiedot. T\u00e4m\u00e4 ei sis\u00e4ll\u00e4 tietoja, jotka meid\u00e4n on tallennettava hallinnollisista, oikeudellisista tai turvallisuussyist\u00e4.<\/p>&#13;\n&#13;\n<h2 class=\"wp-block-heading\">Minne l\u00e4het\u00e4mme tietoja sinusta<\/h2>&#13;\n&#13;\n<p>Vierailijoiden kommentit voidaan tarkistaa automaattisen roskapostin seurantapalvelun kautta.<\/p>&#13;\n","protected":false},"excerpt":{"rendered":"<p>&#13; Keit\u00e4 olemme &#13; &#13; Verkkosivustomme osoite on: http:\/\/kryptovaluta.info &#13; &#13; Kommentit &#13; &#13; Kun vierailijat kirjoittavat sivulle kommentteja, kommenttilomakkeessa olevat tiedot tallennetaan vierailijan IP-osoitteen ja vierailijan selainversion lis\u00e4ksi. T\u00e4m\u00e4 tehd\u00e4\u00e4n ei-toivottujen kommenttien v\u00e4ltt\u00e4miseksi. &#13; &#13; S\u00e4hk\u00f6postiosoitteesi perusteella luotu anonyymi tekstimerkkijono (kutsutaan my\u00f6s &#8221;hashiksi&#8221;) voidaan l\u00e4hett\u00e4\u00e4 Gravatar-palveluun varmistamaan, ett\u00e4 sinulla on tili siell\u00e4. Gravatarin tietosuojaseloste [&hellip;]<\/p>\n","protected":false},"author":3,"featured_media":0,"parent":0,"menu_order":0,"comment_status":"closed","ping_status":"closed","template":"","meta":{"footnotes":""},"class_list":["post-46555","page","type-page","status-publish","hentry"],"_links":{"self":[{"href":"https:\/\/kryptovaluta.info\/fi\/wp-json\/wp\/v2\/pages\/46555","targetHints":{"allow":["GET"]}}],"collection":[{"href":"https:\/\/kryptovaluta.info\/fi\/wp-json\/wp\/v2\/pages"}],"about":[{"href":"https:\/\/kryptovaluta.info\/fi\/wp-json\/wp\/v2\/types\/page"}],"author":[{"embeddable":true,"href":"https:\/\/kryptovaluta.info\/fi\/wp-json\/wp\/v2\/users\/3"}],"replies":[{"embeddable":true,"href":"https:\/\/kryptovaluta.info\/fi\/wp-json\/wp\/v2\/comments?post=46555"}],"version-history":[{"count":1,"href":"https:\/\/kryptovaluta.info\/fi\/wp-json\/wp\/v2\/pages\/46555\/revisions"}],"predecessor-version":[{"id":46558,"href":"https:\/\/kryptovaluta.info\/fi\/wp-json\/wp\/v2\/pages\/46555\/revisions\/46558"}],"wp:attachment":[{"href":"https:\/\/kryptovaluta.info\/fi\/wp-json\/wp\/v2\/media?parent=46555"}],"curies":[{"name":"wp","href":"https:\/\/api.w.org\/{rel}","templated":true}]}}