{"id":46307,"date":"2021-08-27T09:13:19","date_gmt":"2021-08-27T09:13:19","guid":{"rendered":"http:\/\/kryptovaluta.info\/confidentialite\/"},"modified":"2022-05-02T13:23:59","modified_gmt":"2022-05-02T13:23:59","slug":"confidentialite","status":"publish","type":"page","link":"https:\/\/kryptovaluta.info\/fr\/confidentialite\/","title":{"rendered":"Confidentialit\u00e9"},"content":{"rendered":"&#13;\n<h2 class=\"wp-block-heading\">Qui nous sommes<\/h2>&#13;\n&#13;\n<p>L&rsquo;adresse de notre site Web est\u00a0: https: \/\/ cryptomonnaie .info<\/p>&#13;\n&#13;\n<h2 class=\"wp-block-heading\">commentaires<\/h2>&#13;\n&#13;\n<p>Lorsque les visiteurs publient des commentaires sur la page, les informations fournies dans le formulaire de commentaire sont stock\u00e9es en plus de l&rsquo;adresse IP du visiteur et de la version du navigateur du visiteur. Ceci est fait pour aider \u00e0 \u00e9viter les commentaires ind\u00e9sirables.<\/p>&#13;\n&#13;\n<p>Une cha\u00eene de texte anonyme g\u00e9n\u00e9r\u00e9e sur la base de votre adresse e-mail (\u00e9galement appel\u00e9e \u00ab\u00a0hash\u00a0\u00bb) peut \u00eatre envoy\u00e9e au service Gravatar pour v\u00e9rifier si vous y avez un compte. La d\u00e9claration de confidentialit\u00e9 de Gravatar se trouve ici : https:\/\/automattic.com\/privacy\/. Une fois votre commentaire approuv\u00e9, votre photo de profil sera visible par toute personne en lien avec votre commentaire.<\/p>&#13;\n&#13;\n<h2 class=\"wp-block-heading\">M\u00e9dias<\/h2>&#13;\n&#13;\n<p>Si vous t\u00e9l\u00e9chargez des images sur le site, vous devez \u00e9viter de t\u00e9l\u00e9charger des images contenant des informations sur l&#8217;emplacement pris (EXIF GPS). Les visiteurs du site peuvent t\u00e9l\u00e9charger et r\u00e9cup\u00e9rer ces informations \u00e0 partir d&rsquo;images sur le site.<\/p>&#13;\n&#13;\n<h2 class=\"wp-block-heading\">Biscuits<\/h2>&#13;\n&#13;\n<p>Si vous publiez un commentaire sur ce site, vous pouvez nous demander de m\u00e9moriser votre nom, votre adresse e-mail et votre site. Ces informations sont stock\u00e9es dans un cookie et sont l\u00e0 pour vous faciliter la t\u00e2che. Vous n&rsquo;avez pas besoin de ressaisir ces informations la prochaine fois que vous posterez un commentaire. Ces cookies expirent apr\u00e8s un an.<\/p>&#13;\n&#13;\n<p>Si vous visitez notre page de connexion, nous cr\u00e9erons un cookie temporaire pour d\u00e9terminer si votre navigateur accepte les cookies. Ce cookie ne contient aucune information personnelle et dispara\u00eet d\u00e8s que vous fermez votre navigateur.<\/p>&#13;\n&#13;\n<p>Lorsque vous vous connectez, des cookies sont cr\u00e9\u00e9s pour stocker vos informations de connexion et les choix que vous avez faits concernant la mani\u00e8re dont le contenu doit \u00eatre affich\u00e9. Les cookies avec des informations de connexion expirent apr\u00e8s deux jours, tandis que ceux avec des options d&rsquo;affichage durent un an. Si vous cochez &lsquo;Se souvenir de moi&rsquo;, vos informations de connexion seront conserv\u00e9es pendant deux semaines. Si vous vous d\u00e9connectez de votre compte, ces cookies dispara\u00eetront.<\/p>&#13;\n&#13;\n<p>Si vous \u00e9ditez ou publiez un article, un cookie suppl\u00e9mentaire sera stock\u00e9 dans votre navigateur. Ce cookie ne contient aucune information personnelle, mais uniquement l&rsquo;identifiant de l&rsquo;article que vous venez de modifier. Il expire apr\u00e8s un jour.<\/p>&#13;\n&#13;\n<h2 class=\"wp-block-heading\">Contenu int\u00e9gr\u00e9 d&rsquo;autres sites<\/h2>&#13;\n&#13;\n<p>Les articles de cette page peuvent inclure du contenu int\u00e9gr\u00e9 (par exemple des vid\u00e9os, des images, des articles, etc.). Le contenu int\u00e9gr\u00e9 d&rsquo;autres sites se comporte exactement de la m\u00eame mani\u00e8re que si le visiteur avait visit\u00e9 le site d&rsquo;o\u00f9 provient le contenu int\u00e9gr\u00e9.<\/p>&#13;\n&#13;\n<p>Ces sites peuvent collecter des informations vous concernant, utiliser des cookies, int\u00e9grer des syst\u00e8mes de suivi tiers et surveiller ce que vous faites via ce contenu int\u00e9gr\u00e9. Cela inclut \u00e9galement le suivi de vos actions via le contenu int\u00e9gr\u00e9 si vous avez un compte et \u00eates connect\u00e9 au site.<\/p>&#13;\n&#13;\n<h2 class=\"wp-block-heading\">Avec qui partageons-nous vos informations<\/h2>&#13;\n&#13;\n<p>Si vous demandez la r\u00e9initialisation du mot de passe, votre adresse IP sera incluse dans l&rsquo;e-mail de r\u00e9initialisation du mot de passe.<\/p>&#13;\n&#13;\n<h2 class=\"wp-block-heading\">Combien de temps conservons-nous les informations vous concernant<\/h2>&#13;\n&#13;\n<p>Si vous laissez un commentaire, le commentaire et les informations sur le commentaire seront stock\u00e9s ind\u00e9finiment. Ceci afin que nous puissions reconna\u00eetre les commentaires de suivi et les approuver automatiquement au lieu de les mettre dans une file d&rsquo;attente o\u00f9 ils doivent \u00eatre approuv\u00e9s manuellement par un \u00e9diteur.<\/p>&#13;\n&#13;\n<p>Pour les utilisateurs qui s&rsquo;inscrivent sur ce site Web (si cette option existe), les informations personnelles qu&rsquo;ils fournissent dans leur profil d&rsquo;utilisateur sont \u00e9galement stock\u00e9es. Tous les utilisateurs peuvent consulter, modifier et supprimer leurs propres informations personnelles \u00e0 tout moment (\u00e0 l&rsquo;exception du nom d&rsquo;utilisateur). Les administrateurs du site peuvent \u00e9galement afficher et modifier ces informations.<\/p>&#13;\n&#13;\n<h2 class=\"wp-block-heading\">Vos droits concernant les informations que nous avons sur vous<\/h2>&#13;\n&#13;\n<p>Si vous avez un compte sur ce site ou avez laiss\u00e9 des commentaires, vous pouvez demander un fichier d&rsquo;exportation contenant les informations personnelles que nous d\u00e9tenons \u00e0 votre sujet. Cela inclut toutes les donn\u00e9es que vous nous avez fournies. Vous pouvez \u00e9galement demander que nous supprimions toutes les informations personnelles que nous avons \u00e0 votre sujet. Cela n&rsquo;inclut pas les informations que nous sommes tenus de stocker pour des raisons administratives, juridiques ou de s\u00e9curit\u00e9.<\/p>&#13;\n&#13;\n<h2 class=\"wp-block-heading\">O\u00f9 nous envoyons des informations vous concernant<\/h2>&#13;\n&#13;\n<p>Les commentaires des visiteurs peuvent \u00eatre v\u00e9rifi\u00e9s gr\u00e2ce \u00e0 un service de d\u00e9tection automatique de spam.<\/p>&#13;\n","protected":false},"excerpt":{"rendered":"<p>&#13; Qui nous sommes &#13; &#13; L&rsquo;adresse de notre site Web est\u00a0: https: \/\/ cryptomonnaie .info &#13; &#13; commentaires &#13; &#13; Lorsque les visiteurs publient des commentaires sur la page, les informations fournies dans le formulaire de commentaire sont stock\u00e9es en plus de l&rsquo;adresse IP du visiteur et de la version du navigateur du visiteur. [&hellip;]<\/p>\n","protected":false},"author":3,"featured_media":0,"parent":0,"menu_order":0,"comment_status":"closed","ping_status":"closed","template":"","meta":{"footnotes":""},"class_list":["post-46307","page","type-page","status-publish","hentry"],"_links":{"self":[{"href":"https:\/\/kryptovaluta.info\/fr\/wp-json\/wp\/v2\/pages\/46307","targetHints":{"allow":["GET"]}}],"collection":[{"href":"https:\/\/kryptovaluta.info\/fr\/wp-json\/wp\/v2\/pages"}],"about":[{"href":"https:\/\/kryptovaluta.info\/fr\/wp-json\/wp\/v2\/types\/page"}],"author":[{"embeddable":true,"href":"https:\/\/kryptovaluta.info\/fr\/wp-json\/wp\/v2\/users\/3"}],"replies":[{"embeddable":true,"href":"https:\/\/kryptovaluta.info\/fr\/wp-json\/wp\/v2\/comments?post=46307"}],"version-history":[{"count":1,"href":"https:\/\/kryptovaluta.info\/fr\/wp-json\/wp\/v2\/pages\/46307\/revisions"}],"predecessor-version":[{"id":61188,"href":"https:\/\/kryptovaluta.info\/fr\/wp-json\/wp\/v2\/pages\/46307\/revisions\/61188"}],"wp:attachment":[{"href":"https:\/\/kryptovaluta.info\/fr\/wp-json\/wp\/v2\/media?parent=46307"}],"curies":[{"name":"wp","href":"https:\/\/api.w.org\/{rel}","templated":true}]}}