{"id":46547,"date":"2021-08-27T09:13:19","date_gmt":"2021-08-27T09:13:19","guid":{"rendered":"http:\/\/kryptovaluta.info\/sertetlenseg\/"},"modified":"2022-04-14T20:02:36","modified_gmt":"2022-04-14T20:02:36","slug":"sertetlenseg","status":"publish","type":"page","link":"https:\/\/kryptovaluta.info\/hu\/sertetlenseg\/","title":{"rendered":"S\u00e9rtetlens\u00e9g"},"content":{"rendered":"&#13;\n<h2 class=\"wp-block-heading\">Kik vagyunk<\/h2>&#13;\n&#13;\n<p>Weboldalunk c\u00edme: http:\/\/kryptovaluta.info<\/p>&#13;\n&#13;\n<h2 class=\"wp-block-heading\">Hozz\u00e1sz\u00f3l\u00e1sok<\/h2>&#13;\n&#13;\n<p>Amikor a l\u00e1togat\u00f3k megjegyz\u00e9seket tesznek k\u00f6zz\u00e9 az oldalon, a megjegyz\u00e9s \u0171rlapon szerepl\u0151 inform\u00e1ci\u00f3k a l\u00e1togat\u00f3 IP-c\u00edme \u00e9s a l\u00e1togat\u00f3 b\u00f6ng\u00e9sz\u0151 verzi\u00f3ja mellett t\u00e1rol\u00f3dnak. Ez a spam megjegyz\u00e9sek elker\u00fcl\u00e9se \u00e9rdek\u00e9ben t\u00f6rt\u00e9nik.<\/p>&#13;\n&#13;\n<p>Az \u00d6n e-mail c\u00edme alapj\u00e1n gener\u00e1lt n\u00e9vtelen sz\u00f6veges karakterl\u00e1nc (m\u00e1s n\u00e9ven &#8222;hash&#8221;) elk\u00fcldhet\u0151 a Gravatar szolg\u00e1ltat\u00e1snak, hogy ellen\u0151rizze, van-e ott fi\u00f3kja. A Gravatar adatv\u00e9delmi szab\u00e1lyzata itt tal\u00e1lhat\u00f3: https:\/\/automattic.com\/privacy\/. A hozz\u00e1sz\u00f3l\u00e1sod j\u00f3v\u00e1hagy\u00e1sa ut\u00e1n profilk\u00e9ped mindenki sz\u00e1m\u00e1ra l\u00e1that\u00f3 lesz a megjegyz\u00e9seddel kapcsolatban.<\/p>&#13;\n&#13;\n<h2 class=\"wp-block-heading\">M\u00e9dia<\/h2>&#13;\n&#13;\n<p>Ha f\u00e9nyk\u00e9peket t\u00f6lt fel a weboldalra, ker\u00fclje az olyan fot\u00f3k felt\u00f6lt\u00e9s\u00e9t, amelyek a k\u00e9sz\u00edt\u00e9s hely\u00e9r\u0151l tartalmaznak inform\u00e1ci\u00f3kat (EXIF GPS). A Weboldal l\u00e1togat\u00f3i let\u00f6lthetik \u00e9s lek\u00e9rhetik ezeket az inform\u00e1ci\u00f3kat a Weboldalon tal\u00e1lhat\u00f3 k\u00e9pekr\u0151l.<\/p>&#13;\n&#13;\n<h2 class=\"wp-block-heading\">Cookie-k<\/h2>&#13;\n&#13;\n<p>Ha megjegyz\u00e9st tesz k\u00f6zz\u00e9 ezen az oldalon, k\u00e9rjen meg benn\u00fcnket, hogy eml\u00e9kezz\u00fcnk a nev\u00e9re, e-mail c\u00edm\u00e9re \u00e9s webhely\u00e9re. Ezeket az inform\u00e1ci\u00f3kat egy cookie-ban t\u00e1rolj\u00e1k, \u00e9s megk\u00f6nny\u00edtik az \u00d6n sz\u00e1m\u00e1ra. Ezt az inform\u00e1ci\u00f3t nem kell \u00fajra megadnia, amikor legk\u00f6zelebb megjegyz\u00e9st \u00edr. Ezek a s\u00fctik egy \u00e9v ut\u00e1n lej\u00e1rnak.<\/p>&#13;\n&#13;\n<p>Ha megl\u00e1togatja bejelentkez\u00e9si oldalunkat, ideiglenes cookie-t hozunk l\u00e9tre annak meghat\u00e1roz\u00e1s\u00e1ra, hogy b\u00f6ng\u00e9sz\u0151je elfogadja-e a cookie-kat. Ez a cookie nem tartalmaz szem\u00e9lyes adatokat, \u00e9s elt\u0171nik, amint bez\u00e1rja a b\u00f6ng\u00e9sz\u0151t.<\/p>&#13;\n&#13;\n<p>Amikor bejelentkezik, cookie-k j\u00f6nnek l\u00e9tre, amelyek t\u00e1rolj\u00e1k az \u00d6n bejelentkez\u00e9si adatait \u00e9s a tartalom megjelen\u00edt\u00e9s\u00e9vel kapcsolatos d\u00f6nt\u00e9seit. A bejelentkez\u00e9si adatokat tartalmaz\u00f3 cookie-k k\u00e9t nap ut\u00e1n, a megjelen\u00edt\u00e9si opci\u00f3kkal rendelkez\u0151k pedig egy \u00e9vig \u00e9rv\u00e9nyesek. Ha az \u201eEml\u00e9kezz r\u00e1m\u201d lehet\u0151s\u00e9get v\u00e1lasztja, bejelentkez\u00e9si adatait k\u00e9t h\u00e9tig mentj\u00fck. Ha kijelentkezik fi\u00f3kj\u00e1b\u00f3l, ezek a cookie-k elt\u0171nnek.<\/p>&#13;\n&#13;\n<p>Ha szerkeszt vagy k\u00f6zz\u00e9tesz egy cikket, egy m\u00e1sik cookie ker\u00fcl t\u00e1rol\u00e1sra a b\u00f6ng\u00e9sz\u0151j\u00e9ben. Ez a cookie nem tartalmaz szem\u00e9lyes adatokat, csak az im\u00e9nt szerkesztett cikk azonos\u00edt\u00f3j\u00e1t. Egy nap ut\u00e1n kialszik.<\/p>&#13;\n&#13;\n<h2 class=\"wp-block-heading\">Be\u00e1gyazott tartalom m\u00e1s webhelyekr\u0151l<\/h2>&#13;\n&#13;\n<p>Az oldalon tal\u00e1lhat\u00f3 cikkek tartalmazhatnak be\u00e1gyazott tartalmat (pl. vide\u00f3kat, k\u00e9peket, cikkeket stb.). A m\u00e1s webhelyekr\u0151l sz\u00e1rmaz\u00f3 be\u00e1gyazott tartalom pontosan ugyan\u00fagy viselkedik, mintha a l\u00e1togat\u00f3 azt a webhelyet l\u00e1togatta volna meg, amelyr\u0151l a be\u00e1gyazott tartalom sz\u00e1rmazik.<\/p>&#13;\n&#13;\n<p>Ezek a webhelyek inform\u00e1ci\u00f3kat gy\u0171jthetnek \u00d6nr\u0151l, cookie-kat haszn\u00e1lhatnak, harmadik f\u00e9lt\u0151l sz\u00e1rmaz\u00f3 nyomk\u00f6vet\u0151 rendszereket \u00e1gyazhatnak be, \u00e9s figyelemmel k\u00eds\u00e9rhetik, hogy \u00d6n mit csin\u00e1l ezen a be\u00e1gyazott tartalommal. Ez mag\u00e1ban foglalja azt is, hogy a be\u00e9p\u00edtett tartalommal k\u00f6veti nyomon a m\u0171veleteit, ha rendelkezik fi\u00f3kkal, \u00e9s be van jelentkezve az oldalra.<\/p>&#13;\n&#13;\n<h2 class=\"wp-block-heading\">Kivel osztjuk meg adatait<\/h2>&#13;\n&#13;\n<p>Ha k\u00e9ri a jelsz\u00f3 vissza\u00e1ll\u00edt\u00e1s\u00e1t, akkor az \u00d6n IP-c\u00edme szerepelni fog a jelsz\u00f3-vissza\u00e1ll\u00edt\u00e1si e-mailben.<\/p>&#13;\n&#13;\n<h2 class=\"wp-block-heading\">Mennyi ideig \u0151rizz\u00fck meg az \u00d6nr\u0151l sz\u00f3l\u00f3 inform\u00e1ci\u00f3kat<\/h2>&#13;\n&#13;\n<p>Ha megjegyz\u00e9st \u00edr, a megjegyz\u00e9s \u00e9s a megjegyz\u00e9s inform\u00e1ci\u00f3 korl\u00e1tlan ideig ment\u00e9sre ker\u00fcl. Ez az\u00e9rt van \u00edgy, hogy felismerj\u00fck \u00e9s automatikusan j\u00f3v\u00e1hagyjuk az ut\u00f3lagos megjegyz\u00e9seket, ahelyett, hogy sorba helyezn\u00e9nk \u0151ket, ahol egy szerkeszt\u0151nek k\u00e9zzel kell j\u00f3v\u00e1hagynia.<\/p>&#13;\n&#13;\n<p>Az ezen a weboldalon regisztr\u00e1l\u00f3 felhaszn\u00e1l\u00f3k (ha ez a lehet\u0151s\u00e9g el\u00e9rhet\u0151) a felhaszn\u00e1l\u00f3i profiljukban megadott szem\u00e9lyes adatokat is t\u00e1rolj\u00e1k. Minden felhaszn\u00e1l\u00f3 b\u00e1rmikor megtekintheti, szerkesztheti \u00e9s t\u00f6r\u00f6lheti saj\u00e1t szem\u00e9lyes adatait (a felhaszn\u00e1l\u00f3nevek kiv\u00e9tel\u00e9vel). A webhely rendszergazd\u00e1i is megtekinthetik \u00e9s szerkeszthetik ezeket az inform\u00e1ci\u00f3kat.<\/p>&#13;\n&#13;\n<h2 class=\"wp-block-heading\">Az \u00d6n jogai az \u00d6nnel kapcsolatos inform\u00e1ci\u00f3kkal kapcsolatban<\/h2>&#13;\n&#13;\n<p>Ha rendelkezik fi\u00f3kkal ezen az oldalon, vagy megjegyz\u00e9seket f\u0171z\u00f6tt hozz\u00e1, k\u00e9rhet egy exportf\u00e1jlt, amely tartalmazza az \u00d6nr\u0151l t\u00e1rolt szem\u00e9lyes adatokat. Ez mag\u00e1ban foglalja az \u00d6n \u00e1ltal megadott \u00f6sszes inform\u00e1ci\u00f3t. Azt is k\u00e9rheti, hogy t\u00e1vol\u00edtsunk el minden, \u00d6nr\u0151l rendelkez\u00e9s\u00fcnkre \u00e1ll\u00f3 szem\u00e9lyes adatot. Ez nem tartalmazza azokat az inform\u00e1ci\u00f3kat, amelyeket adminisztrat\u00edv, jogi vagy biztons\u00e1gi okokb\u00f3l kell t\u00e1rolnunk.<\/p>&#13;\n&#13;\n<h2 class=\"wp-block-heading\">Ahov\u00e1 inform\u00e1ci\u00f3kat k\u00fcld\u00fcnk \u00d6nr\u0151l<\/h2>&#13;\n&#13;\n<p>A l\u00e1togat\u00f3k megjegyz\u00e9sei egy automatikus spam szolg\u00e1ltat\u00e1son kereszt\u00fcl ellen\u0151rizhet\u0151k.<\/p>&#13;\n","protected":false},"excerpt":{"rendered":"<p>&#13; Kik vagyunk &#13; &#13; Weboldalunk c\u00edme: http:\/\/kryptovaluta.info &#13; &#13; Hozz\u00e1sz\u00f3l\u00e1sok &#13; &#13; Amikor a l\u00e1togat\u00f3k megjegyz\u00e9seket tesznek k\u00f6zz\u00e9 az oldalon, a megjegyz\u00e9s \u0171rlapon szerepl\u0151 inform\u00e1ci\u00f3k a l\u00e1togat\u00f3 IP-c\u00edme \u00e9s a l\u00e1togat\u00f3 b\u00f6ng\u00e9sz\u0151 verzi\u00f3ja mellett t\u00e1rol\u00f3dnak. Ez a spam megjegyz\u00e9sek elker\u00fcl\u00e9se \u00e9rdek\u00e9ben t\u00f6rt\u00e9nik. &#13; &#13; Az \u00d6n e-mail c\u00edme alapj\u00e1n gener\u00e1lt n\u00e9vtelen sz\u00f6veges karakterl\u00e1nc (m\u00e1s [&hellip;]<\/p>\n","protected":false},"author":3,"featured_media":0,"parent":0,"menu_order":0,"comment_status":"closed","ping_status":"closed","template":"","meta":{"footnotes":""},"class_list":["post-46547","page","type-page","status-publish","hentry"],"_links":{"self":[{"href":"https:\/\/kryptovaluta.info\/hu\/wp-json\/wp\/v2\/pages\/46547","targetHints":{"allow":["GET"]}}],"collection":[{"href":"https:\/\/kryptovaluta.info\/hu\/wp-json\/wp\/v2\/pages"}],"about":[{"href":"https:\/\/kryptovaluta.info\/hu\/wp-json\/wp\/v2\/types\/page"}],"author":[{"embeddable":true,"href":"https:\/\/kryptovaluta.info\/hu\/wp-json\/wp\/v2\/users\/3"}],"replies":[{"embeddable":true,"href":"https:\/\/kryptovaluta.info\/hu\/wp-json\/wp\/v2\/comments?post=46547"}],"version-history":[{"count":1,"href":"https:\/\/kryptovaluta.info\/hu\/wp-json\/wp\/v2\/pages\/46547\/revisions"}],"predecessor-version":[{"id":46551,"href":"https:\/\/kryptovaluta.info\/hu\/wp-json\/wp\/v2\/pages\/46547\/revisions\/46551"}],"wp:attachment":[{"href":"https:\/\/kryptovaluta.info\/hu\/wp-json\/wp\/v2\/media?parent=46547"}],"curies":[{"name":"wp","href":"https:\/\/api.w.org\/{rel}","templated":true}]}}