{"id":46524,"date":"2021-08-27T09:13:19","date_gmt":"2021-08-27T09:13:19","guid":{"rendered":"http:\/\/kryptovaluta.info\/integrita\/"},"modified":"2022-04-14T20:02:36","modified_gmt":"2022-04-14T20:02:36","slug":"integrita","status":"publish","type":"page","link":"https:\/\/kryptovaluta.info\/it\/integrita\/","title":{"rendered":"Integrit\u00e0"},"content":{"rendered":"&#13;\n<h2 class=\"wp-block-heading\">Chi siamo<\/h2>&#13;\n&#13;\n<p>L&#8217;indirizzo del nostro sito Web \u00e8: http:\/\/kryptovaluta.info<\/p>&#13;\n&#13;\n<h2 class=\"wp-block-heading\">Commenti<\/h2>&#13;\n&#13;\n<p>Quando i visitatori pubblicano commenti sulla pagina, le informazioni nel modulo dei commenti vengono memorizzate oltre all&#8217;indirizzo IP del visitatore e alla versione del browser del visitatore. Questo viene fatto per evitare commenti spam.<\/p>&#13;\n&#13;\n<p>Una stringa di testo anonima generata in base al tuo indirizzo email (chiamata anche &#8220;hash&#8221;) pu\u00f2 essere inviata al servizio Gravatar per verificare se hai un account l\u00ec. L&#8217;informativa sulla privacy di Gravatar pu\u00f2 essere trovata qui: https:\/\/automaptic.com\/privacy\/. Dopo che il tuo commento \u00e8 stato approvato, la tua immagine del profilo sar\u00e0 visibile a tutti in relazione al tuo commento.<\/p>&#13;\n&#13;\n<h2 class=\"wp-block-heading\">Media<\/h2>&#13;\n&#13;\n<p>Se carichi foto sul sito web, dovresti evitare di caricare foto che contengono informazioni sul luogo in cui \u00e8 stata scattata (EXIF GPS). I visitatori del sito Web possono scaricare e recuperare tali informazioni dalle immagini sul sito Web.<\/p>&#13;\n&#13;\n<h2 class=\"wp-block-heading\">Biscotti<\/h2>&#13;\n&#13;\n<p>Se pubblichi un commento su questo sito, chiedici di ricordare il tuo nome, indirizzo email e il tuo sito. Queste informazioni sono memorizzate in un cookie e sono l\u00ec per renderti pi\u00f9 facile. Non \u00e8 necessario inserire nuovamente queste informazioni la prossima volta che scrivi un commento. Questi cookie scadono dopo un anno.<\/p>&#13;\n&#13;\n<p>Se visiti la nostra pagina di accesso, creiamo un cookie temporaneo per determinare se il tuo browser accetta i cookie. Questo cookie non contiene informazioni personali e scompare non appena chiudi il browser.<\/p>&#13;\n&#13;\n<p>Quando accedi, vengono creati cookie che memorizzano le tue informazioni di accesso e le scelte che hai fatto su come visualizzare i contenuti. I cookie con informazioni di accesso scadono dopo due giorni, mentre quelli con opzioni di visualizzazione durano un anno. Se selezioni &#8220;Ricordami&#8221;, le tue informazioni di accesso verranno salvate per due settimane. Se esci dal tuo account, questi cookie scompariranno.<\/p>&#13;\n&#13;\n<p>Se modifichi o pubblichi un articolo, nel tuo browser viene memorizzato un altro cookie. Questo cookie non contiene informazioni personali, solo l&#8217;ID dell&#8217;articolo che hai appena modificato. Si spegne dopo un giorno.<\/p>&#13;\n&#13;\n<h2 class=\"wp-block-heading\">Contenuti incorporati da altri siti<\/h2>&#13;\n&#13;\n<p>Gli articoli in questa pagina possono contenere contenuti incorporati (es. video, immagini, articoli, ecc.). Il contenuto incorporato di altri siti Web si comporta esattamente come se il visitatore avesse visitato il sito Web da cui proviene il contenuto incorporato.<\/p>&#13;\n&#13;\n<p>Questi siti Web possono raccogliere informazioni su di te, utilizzare cookie, incorporare sistemi di tracciamento di terze parti e monitorare ci\u00f2 che fai attraverso questo contenuto incorporato. Ci\u00f2 include anche il monitoraggio delle tue azioni tramite il contenuto integrato se hai un account e hai effettuato l&#8217;accesso al sito.<\/p>&#13;\n&#13;\n<h2 class=\"wp-block-heading\">Con chi condividiamo le tue informazioni<\/h2>&#13;\n&#13;\n<p>Se richiedi la reimpostazione della password, il tuo indirizzo IP verr\u00e0 incluso nell&#8217;e-mail di reimpostazione della password.<\/p>&#13;\n&#13;\n<h2 class=\"wp-block-heading\">Per quanto tempo conserviamo le informazioni su di te<\/h2>&#13;\n&#13;\n<p>Se lasci un commento, il commento e le informazioni sul commento verranno salvati a tempo indeterminato. Questo \u00e8 cos\u00ec che possiamo riconoscere i commenti di follow-up e approvarli automaticamente invece di metterli in una coda in cui devono essere approvati manualmente da un editore.<\/p>&#13;\n&#13;\n<p>Gli utenti che si registrano su questo sito Web (se questa opzione \u00e8 disponibile) memorizzano anche le informazioni personali che forniscono nel proprio profilo utente. Tutti gli utenti possono visualizzare, modificare ed eliminare le proprie informazioni personali (tranne i nomi utente) in qualsiasi momento. Gli amministratori del sito Web possono anche visualizzare e modificare queste informazioni.<\/p>&#13;\n&#13;\n<h2 class=\"wp-block-heading\">I tuoi diritti riguardo alle informazioni che abbiamo su di te<\/h2>&#13;\n&#13;\n<p>Se hai un account su questo sito o hai lasciato commenti, puoi richiedere un file di esportazione contenente le informazioni personali che deteniamo su di te. Questo include tutte le informazioni che ci hai fornito. Puoi anche richiedere la rimozione di tutte le informazioni personali che abbiamo su di te. Ci\u00f2 non include le informazioni che dobbiamo archiviare per motivi amministrativi, legali o di sicurezza.<\/p>&#13;\n&#13;\n<h2 class=\"wp-block-heading\">Dove inviamo informazioni su di te<\/h2>&#13;\n&#13;\n<p>I commenti dei visitatori possono essere controllati tramite un servizio di spam automatico.<\/p>&#13;\n","protected":false},"excerpt":{"rendered":"<p>&#13; Chi siamo &#13; &#13; L&#8217;indirizzo del nostro sito Web \u00e8: http:\/\/kryptovaluta.info &#13; &#13; Commenti &#13; &#13; Quando i visitatori pubblicano commenti sulla pagina, le informazioni nel modulo dei commenti vengono memorizzate oltre all&#8217;indirizzo IP del visitatore e alla versione del browser del visitatore. Questo viene fatto per evitare commenti spam. &#13; &#13; Una stringa [&hellip;]<\/p>\n","protected":false},"author":3,"featured_media":0,"parent":0,"menu_order":0,"comment_status":"closed","ping_status":"closed","template":"","meta":{"footnotes":""},"class_list":["post-46524","page","type-page","status-publish","hentry"],"_links":{"self":[{"href":"https:\/\/kryptovaluta.info\/it\/wp-json\/wp\/v2\/pages\/46524","targetHints":{"allow":["GET"]}}],"collection":[{"href":"https:\/\/kryptovaluta.info\/it\/wp-json\/wp\/v2\/pages"}],"about":[{"href":"https:\/\/kryptovaluta.info\/it\/wp-json\/wp\/v2\/types\/page"}],"author":[{"embeddable":true,"href":"https:\/\/kryptovaluta.info\/it\/wp-json\/wp\/v2\/users\/3"}],"replies":[{"embeddable":true,"href":"https:\/\/kryptovaluta.info\/it\/wp-json\/wp\/v2\/comments?post=46524"}],"version-history":[{"count":1,"href":"https:\/\/kryptovaluta.info\/it\/wp-json\/wp\/v2\/pages\/46524\/revisions"}],"predecessor-version":[{"id":46527,"href":"https:\/\/kryptovaluta.info\/it\/wp-json\/wp\/v2\/pages\/46524\/revisions\/46527"}],"wp:attachment":[{"href":"https:\/\/kryptovaluta.info\/it\/wp-json\/wp\/v2\/media?parent=46524"}],"curies":[{"name":"wp","href":"https:\/\/api.w.org\/{rel}","templated":true}]}}