{"id":46325,"date":"2021-08-27T09:13:19","date_gmt":"2021-08-27T09:13:19","guid":{"rendered":"http:\/\/kryptovaluta.info\/privatumas\/"},"modified":"2022-05-02T13:23:59","modified_gmt":"2022-05-02T13:23:59","slug":"privatumas","status":"publish","type":"page","link":"https:\/\/kryptovaluta.info\/lt\/privatumas\/","title":{"rendered":"Privatumas"},"content":{"rendered":"&#13;\n<h2 class=\"wp-block-heading\">Kas mes esame<\/h2>&#13;\n&#13;\n<p>M\u016bs\u0173 svetain\u0117s adresas yra: https:\/\/ kriptoval\u016bta .info<\/p>&#13;\n&#13;\n<h2 class=\"wp-block-heading\">komentarai<\/h2>&#13;\n&#13;\n<p>Lankytojams paskelbus komentarus puslapyje, komentar\u0173 formoje pateikta informacija i\u0161saugoma be lankytojo IP adreso ir lankytojo nar\u0161ykl\u0117s versijos. Tai daroma siekiant i\u0161vengti nepageidaujam\u0173 komentar\u0173.<\/p>&#13;\n&#13;\n<p>Anonimin\u0117 teksto eilut\u0117, sugeneruota pagal j\u016bs\u0173 el. pa\u0161to adres\u0105 (taip pat vadinama mai\u0161a), gali b\u016bti siun\u010diama \u012f Gravatar paslaug\u0105, siekiant patikrinti, ar ten turite paskyr\u0105. Gravatar privatumo parei\u0161kimas yra \u010dia: https:\/\/automattic.com\/privacy\/. Kai j\u016bs\u0173 komentaras bus patvirtintas, j\u016bs\u0173 profilio nuotrauka bus matoma visiems, susijusiems su j\u016bs\u0173 komentaru.<\/p>&#13;\n&#13;\n<h2 class=\"wp-block-heading\">\u017diniasklaida<\/h2>&#13;\n&#13;\n<p>Jei \u012f svetain\u0119 \u012fkeliate vaizdus, netur\u0117tum\u0117te \u012fkelti vaizd\u0173, kuriuose yra informacijos apie nufotografuot\u0105 viet\u0105 (EXIF GPS). Svetain\u0117s lankytojai gali atsisi\u0173sti ir gauti toki\u0105 informacij\u0105 i\u0161 svetain\u0117s vaizd\u0173.<\/p>&#13;\n&#13;\n<h2 class=\"wp-block-heading\">Slapukai<\/h2>&#13;\n&#13;\n<p>Jei paskelbsite komentar\u0105 \u0161ioje svetain\u0117je, galite papra\u0161yti m\u016bs\u0173 prisiminti j\u016bs\u0173 vard\u0105, el. pa\u0161to adres\u0105 ir svetain\u0119. \u0160i informacija saugoma slapuke ir yra skirta tam, kad jums b\u016bt\u0173 lengviau. Kit\u0105 kart\u0105 paskelbus komentar\u0105 \u0161ios informacijos i\u0161 naujo \u012fvesti nereikia. \u0160ie slapukai nustoja galioti po vieneri\u0173 met\u0173.<\/p>&#13;\n&#13;\n<p>Jei apsilankysite m\u016bs\u0173 prisijungimo puslapyje, mes sukursime laikin\u0105 slapuk\u0105, kad nustatyt\u0173, ar j\u016bs\u0173 nar\u0161ykl\u0117 priima slapukus. \u0160iame slapuke n\u0117ra asmenin\u0117s informacijos ir jis i\u0161nyksta, kai tik u\u017edarote nar\u0161ykl\u0119.<\/p>&#13;\n&#13;\n<p>Kai prisijungiate, sukuriami slapukai, kuriuose saugoma j\u016bs\u0173 prisijungimo informacija ir j\u016bs\u0173 pasirinkimai, kaip turinys turi b\u016bti rodomas. Slapukai su prisijungimo informacija nustoja galioti po dviej\u0173 dien\u0173, o su rodymo parinktimis \u2013 vienerius metus. Jei pa\u017eym\u0117site \u201ePrisiminti mane\u201c, j\u016bs\u0173 prisijungimo informacija bus saugoma dvi savaites. Jei atsijungsite nuo savo paskyros, \u0161ie slapukai i\u0161nyks.<\/p>&#13;\n&#13;\n<p>Jei redaguosite ar paskelbsite straipsn\u012f, j\u016bs\u0173 nar\u0161ykl\u0117je bus i\u0161saugotas papildomas slapukas. \u0160iame slapuke n\u0117ra asmenin\u0117s informacijos, o tik k\u0105 tik redaguoto straipsnio ID. Jis baigiasi po vienos dienos.<\/p>&#13;\n&#13;\n<h2 class=\"wp-block-heading\">\u012eterptas turinys i\u0161 kit\u0173 svetaini\u0173<\/h2>&#13;\n&#13;\n<p>\u0160io puslapio straipsniuose gali b\u016bti \u012fterpto turinio (pvz., vaizdo \u012fra\u0161\u0173, vaizd\u0173, straipsni\u0173 ir kt.). \u012eterptas turinys i\u0161 kit\u0173 svetaini\u0173 veikia lygiai taip pat, lyg lankytojas b\u016bt\u0173 apsilank\u0119s svetain\u0117je, i\u0161 kurios atkeliauja \u012fterptas turinys.<\/p>&#13;\n&#13;\n<p>\u0160ios svetain\u0117s gali rinkti informacij\u0105 apie jus, naudoti slapukus, \u012fterpti tre\u010di\u0173j\u0173 \u0161ali\u0173 steb\u0117jimo sistemas ir steb\u0117ti, k\u0105 darote naudodami \u0161\u012f \u012fterpt\u0105j\u012f turin\u012f. Tai taip pat apima j\u016bs\u0173 veiksm\u0173 steb\u0117jim\u0105 naudojant integruot\u0105 turin\u012f, jei turite paskyr\u0105 ir esate prisijung\u0119 prie svetain\u0117s.<\/p>&#13;\n&#13;\n<h2 class=\"wp-block-heading\">Su kuo dalijam\u0117s j\u016bs\u0173 informacija<\/h2>&#13;\n&#13;\n<p>Jei papra\u0161ysite i\u0161 naujo nustatyti slapta\u017eod\u012f, j\u016bs\u0173 IP adresas bus \u012ftrauktas \u012f slapta\u017eod\u017eio nustatymo i\u0161 naujo el. lai\u0161k\u0105.<\/p>&#13;\n&#13;\n<h2 class=\"wp-block-heading\">Kiek laiko saugome informacij\u0105 apie jus<\/h2>&#13;\n&#13;\n<p>Jei paliksite komentar\u0105, komentaras ir informacija apie komentar\u0105 bus saugomi neribot\u0105 laik\u0105. Tai daroma tam, kad gal\u0117tume atpa\u017einti tolesnius komentarus ir juos patvirtinti automati\u0161kai, o ne \u012fd\u0117ti \u012f eil\u0119, kur redaktorius turi juos patvirtinti rankiniu b\u016bdu.<\/p>&#13;\n&#13;\n<p>Vartotoj\u0173, kurie registruojasi \u0161ioje svetain\u0117je (jei tokia parinktis yra), asmenin\u0117 informacija, kuri\u0105 jie pateikia savo vartotojo profilyje, taip pat saugoma. Visi vartotojai gali bet kada per\u017ei\u016br\u0117ti, redaguoti ir i\u0161trinti savo asmenin\u0119 informacij\u0105 (i\u0161skyrus vartotojo vard\u0105). Svetain\u0117s administratoriai taip pat gali per\u017ei\u016br\u0117ti ir redaguoti \u0161i\u0105 informacij\u0105.<\/p>&#13;\n&#13;\n<h2 class=\"wp-block-heading\">J\u016bs\u0173 teis\u0117s \u012f informacij\u0105, kuri\u0105 turime apie jus<\/h2>&#13;\n&#13;\n<p>Jei turite paskyr\u0105 \u0161ioje svetain\u0117je arba palikote komentar\u0173, galite papra\u0161yti eksportuoti fail\u0105 su m\u016bs\u0173 turima asmenin\u0117 informacija apie jus. Tai apima visus duomenis, kuriuos mums pateik\u0117te. Taip pat galite pra\u0161yti, kad i\u0161trintume vis\u0105 turim\u0105 asmenin\u0119 informacij\u0105 apie jus. Tai neapima informacijos, kuri\u0105 privalome saugoti d\u0117l administracini\u0173, teisini\u0173 ar saugumo prie\u017eas\u010di\u0173.<\/p>&#13;\n&#13;\n<h2 class=\"wp-block-heading\">Kur siun\u010diame informacij\u0105 apie jus<\/h2>&#13;\n&#13;\n<p>Lankytoj\u0173 komentarus galima patikrinti naudojant automatinio pa\u0161to \u0161iuk\u0161li\u0173 atpa\u017einimo paslaug\u0105.<\/p>&#13;\n","protected":false},"excerpt":{"rendered":"<p>&#13; Kas mes esame &#13; &#13; M\u016bs\u0173 svetain\u0117s adresas yra: https:\/\/ kriptoval\u016bta .info &#13; &#13; komentarai &#13; &#13; Lankytojams paskelbus komentarus puslapyje, komentar\u0173 formoje pateikta informacija i\u0161saugoma be lankytojo IP adreso ir lankytojo nar\u0161ykl\u0117s versijos. Tai daroma siekiant i\u0161vengti nepageidaujam\u0173 komentar\u0173. &#13; &#13; Anonimin\u0117 teksto eilut\u0117, sugeneruota pagal j\u016bs\u0173 el. pa\u0161to adres\u0105 (taip pat vadinama [&hellip;]<\/p>\n","protected":false},"author":3,"featured_media":0,"parent":0,"menu_order":0,"comment_status":"closed","ping_status":"closed","template":"","meta":{"footnotes":""},"class_list":["post-46325","page","type-page","status-publish","hentry"],"_links":{"self":[{"href":"https:\/\/kryptovaluta.info\/lt\/wp-json\/wp\/v2\/pages\/46325","targetHints":{"allow":["GET"]}}],"collection":[{"href":"https:\/\/kryptovaluta.info\/lt\/wp-json\/wp\/v2\/pages"}],"about":[{"href":"https:\/\/kryptovaluta.info\/lt\/wp-json\/wp\/v2\/types\/page"}],"author":[{"embeddable":true,"href":"https:\/\/kryptovaluta.info\/lt\/wp-json\/wp\/v2\/users\/3"}],"replies":[{"embeddable":true,"href":"https:\/\/kryptovaluta.info\/lt\/wp-json\/wp\/v2\/comments?post=46325"}],"version-history":[{"count":1,"href":"https:\/\/kryptovaluta.info\/lt\/wp-json\/wp\/v2\/pages\/46325\/revisions"}],"predecessor-version":[{"id":61174,"href":"https:\/\/kryptovaluta.info\/lt\/wp-json\/wp\/v2\/pages\/46325\/revisions\/61174"}],"wp:attachment":[{"href":"https:\/\/kryptovaluta.info\/lt\/wp-json\/wp\/v2\/media?parent=46325"}],"curies":[{"name":"wp","href":"https:\/\/api.w.org\/{rel}","templated":true}]}}