{"id":46331,"date":"2021-08-27T09:13:19","date_gmt":"2021-08-27T09:13:19","guid":{"rendered":"http:\/\/kryptovaluta.info\/privatums\/"},"modified":"2022-05-02T13:23:59","modified_gmt":"2022-05-02T13:23:59","slug":"privatums","status":"publish","type":"page","link":"https:\/\/kryptovaluta.info\/lv\/privatums\/","title":{"rendered":"Priv\u0101tums"},"content":{"rendered":"&#13;\n<h2 class=\"wp-block-heading\">Kas m\u0113s esam<\/h2>&#13;\n&#13;\n<p>M\u016bsu vietnes adrese ir: https:\/\/ kriptoval\u016bta .info<\/p>&#13;\n&#13;\n<h2 class=\"wp-block-heading\">koment\u0101ri<\/h2>&#13;\n&#13;\n<p>Apmekl\u0113t\u0101jiem ievietojot lap\u0101 koment\u0101rus, papildus apmekl\u0113t\u0101ja IP adresei un apmekl\u0113t\u0101ja p\u0101rl\u016bkprogrammas versijai tiek saglab\u0101ta ar\u012b koment\u0101ru form\u0101 sniegt\u0101 inform\u0101cija. Tas tiek dar\u012bts, lai izvair\u012btos no nev\u0113lamiem koment\u0101riem.<\/p>&#13;\n&#13;\n<p>Anon\u012bmu teksta virkni, kas \u0123ener\u0113ta, pamatojoties uz j\u016bsu e-pasta adresi (ko sauc ar\u012b par &#8220;jauktu&#8221;), var nos\u016bt\u012bt pakalpojumam Gravatar, lai p\u0101rbaud\u012btu, vai jums taj\u0101 ir konts. Gravatar pazi\u0146ojums par priv\u0101tumu atrodas \u0161eit: https:\/\/automattic.com\/privacy\/. Kad j\u016bsu koment\u0101rs b\u016bs apstiprin\u0101ts, j\u016bsu profila att\u0113ls b\u016bs redzams ikvienam, kas saist\u012bts ar j\u016bsu koment\u0101ru.<\/p>&#13;\n&#13;\n<h2 class=\"wp-block-heading\">Pla\u0161sazi\u0146as l\u012bdzek\u013ci<\/h2>&#13;\n&#13;\n<p>Ja vietn\u0113 aug\u0161upiel\u0101d\u0113jat att\u0113lus, jums nevajadz\u0113tu aug\u0161upiel\u0101d\u0113t att\u0113lus, kas satur inform\u0101ciju par uz\u0146emto atra\u0161an\u0101s vietu (EXIF GPS). Vietnes apmekl\u0113t\u0101ji var lejupiel\u0101d\u0113t un izg\u016bt \u0161\u0101du inform\u0101ciju no vietnes att\u0113liem.<\/p>&#13;\n&#13;\n<h2 class=\"wp-block-heading\">S\u012bkdatnes<\/h2>&#13;\n&#13;\n<p>Ja ievietojat koment\u0101ru \u0161aj\u0101 vietn\u0113, varat l\u016bgt mums atcer\u0113ties j\u016bsu v\u0101rdu, e-pastu un vietni. \u0160\u012b inform\u0101cija tiek saglab\u0101ta s\u012bkfail\u0101, un t\u0101 ir paredz\u0113ta, lai atvieglotu j\u016bsu darb\u012bbu. N\u0101kamreiz, kad public\u0113sit koment\u0101ru, \u0161\u012b inform\u0101cija nav j\u0101ievada atk\u0101rtoti. \u0160o s\u012bkfailu der\u012bguma termi\u0146\u0161 beidzas p\u0113c viena gada.<\/p>&#13;\n&#13;\n<p>Ja apmekl\u0113jat m\u016bsu pieteik\u0161an\u0101s lapu, m\u0113s izveidosim pagaidu s\u012bkfailu, lai noteiktu, vai j\u016bsu p\u0101rl\u016bkprogramma pie\u0146em s\u012bkfailus. \u0160aj\u0101 s\u012bkdatn\u0113 nav personas inform\u0101cijas, un t\u0101 paz\u016bd, tikl\u012bdz aizverat p\u0101rl\u016bkprogrammu.<\/p>&#13;\n&#13;\n<p>Kad piesak\u0101ties, tiek izveidoti s\u012bkfaili, kas saglab\u0101 j\u016bsu pieteik\u0161an\u0101s inform\u0101ciju un j\u016bsu izdar\u012bt\u0101s izv\u0113les attiec\u012bb\u0101 uz satura par\u0101d\u012b\u0161anas veidu. S\u012bkfaili ar pieteik\u0161an\u0101s inform\u0101ciju beidzas p\u0113c div\u0101m dien\u0101m, savuk\u0101rt s\u012bkfaili ar displeja opcij\u0101m darbojas vienu gadu. Ja atz\u012bm\u0113siet opciju Atcer\u0113ties mani, j\u016bsu pieteik\u0161an\u0101s inform\u0101cija tiks glab\u0101ta divas ned\u0113\u013cas. Ja j\u016bs izrakst\u0101ties no sava konta, \u0161ie s\u012bkfaili pazud\u012bs.<\/p>&#13;\n&#13;\n<p>Ja redi\u0123\u0113jat vai public\u0113jat rakstu, j\u016bsu p\u0101rl\u016bkprogramm\u0101 tiks saglab\u0101ts papildu s\u012bkfails. \u0160aj\u0101 s\u012bkfail\u0101 nav personas inform\u0101cijas, bet ir tikai tikko redi\u0123\u0113t\u0101 raksta ID. Tas beidzas p\u0113c vienas dienas.<\/p>&#13;\n&#13;\n<h2 class=\"wp-block-heading\">Iegultais saturs no cit\u0101m vietn\u0113m<\/h2>&#13;\n&#13;\n<p>\u0160\u012bs lapas rakstos var b\u016bt iegults saturs (piem\u0113ram, videoklipi, att\u0113li, raksti utt.). Iegultais saturs no cit\u0101m vietn\u0113m darbojas tie\u0161i t\u0101pat k\u0101 tad, ja apmekl\u0113t\u0101js b\u016btu apmekl\u0113jis vietni, no kuras n\u0101k iegultais saturs.<\/p>&#13;\n&#13;\n<p>\u0160\u012bs vietnes var apkopot inform\u0101ciju par jums, izmantot s\u012bkfailus, iegult tre\u0161o pu\u0161u izseko\u0161anas sist\u0113mas un p\u0101rraudz\u012bt to, ko j\u016bs dar\u0101t, izmantojot \u0161o iegulto saturu. Tas ietver ar\u012b j\u016bsu darb\u012bbu izseko\u0161anu, izmantojot ieb\u016bv\u0113to saturu, ja jums ir konts un esat pieteicies vietn\u0113.<\/p>&#13;\n&#13;\n<h2 class=\"wp-block-heading\">Ar ko m\u0113s kop\u012bgojam j\u016bsu inform\u0101ciju<\/h2>&#13;\n&#13;\n<p>Ja piepras\u0101t paroles atiestat\u012b\u0161anu, j\u016bsu IP adrese tiks iek\u013cauta paroles atiestat\u012b\u0161anas e-past\u0101.<\/p>&#13;\n&#13;\n<h2 class=\"wp-block-heading\">Cik ilgi m\u0113s glab\u0101jam inform\u0101ciju par jums<\/h2>&#13;\n&#13;\n<p>Ja atst\u0101jat koment\u0101ru, koment\u0101rs un inform\u0101cija par koment\u0101ru tiks glab\u0101ta neierobe\u017eotu laiku. Tas ir paredz\u0113ts, lai m\u0113s var\u0113tu atpaz\u012bt papildu koment\u0101rus un apstiprin\u0101t tos autom\u0101tiski, nevis ievietot tos rind\u0101, kur redaktoram tie ir manu\u0101li j\u0101apstiprina.<\/p>&#13;\n&#13;\n<p>Lietot\u0101jiem, kuri re\u0123istr\u0113jas \u0161aj\u0101 vietn\u0113 (ja \u0161\u0101da iesp\u0113ja past\u0101v), tiek saglab\u0101ta ar\u012b personisk\u0101 inform\u0101cija, ko vi\u0146i sniedz sav\u0101 lietot\u0101ja profil\u0101. Visi lietot\u0101ji jebkur\u0101 laik\u0101 var apskat\u012bt, redi\u0123\u0113t un dz\u0113st savu personisko inform\u0101ciju (iz\u0146emot lietot\u0101jv\u0101rdu). Vietnes administratori var ar\u012b skat\u012bt un redi\u0123\u0113t \u0161o inform\u0101ciju.<\/p>&#13;\n&#13;\n<h2 class=\"wp-block-heading\">J\u016bsu ties\u012bbas attiec\u012bb\u0101 uz inform\u0101ciju, kas mums ir par jums<\/h2>&#13;\n&#13;\n<p>Ja jums ir konts \u0161aj\u0101 vietn\u0113 vai esat atst\u0101jis koment\u0101rus, varat piepras\u012bt eksporta failu ar m\u016bsu r\u012bc\u012bb\u0101 eso\u0161o personisko inform\u0101ciju par jums. Tas ietver visus datus, ko esat mums sniedzis. Varat ar\u012b piepras\u012bt, lai m\u0113s dz\u0113stu visu m\u016bsu r\u012bc\u012bb\u0101 eso\u0161o personisko inform\u0101ciju par jums. Tas neietver inform\u0101ciju, kas mums ir j\u0101uzglab\u0101 administrat\u012bvu, juridisku vai dro\u0161\u012bbas apsv\u0113rumu d\u0113\u013c.<\/p>&#13;\n&#13;\n<h2 class=\"wp-block-heading\">Kur m\u0113s nos\u016bt\u0101m inform\u0101ciju par jums<\/h2>&#13;\n&#13;\n<p>Apmekl\u0113t\u0101ju koment\u0101rus var p\u0101rbaud\u012bt, izmantojot autom\u0101tisko surog\u0101tpasta atpaz\u012b\u0161anas pakalpojumu.<\/p>&#13;\n","protected":false},"excerpt":{"rendered":"<p>&#13; Kas m\u0113s esam &#13; &#13; M\u016bsu vietnes adrese ir: https:\/\/ kriptoval\u016bta .info &#13; &#13; koment\u0101ri &#13; &#13; Apmekl\u0113t\u0101jiem ievietojot lap\u0101 koment\u0101rus, papildus apmekl\u0113t\u0101ja IP adresei un apmekl\u0113t\u0101ja p\u0101rl\u016bkprogrammas versijai tiek saglab\u0101ta ar\u012b koment\u0101ru form\u0101 sniegt\u0101 inform\u0101cija. Tas tiek dar\u012bts, lai izvair\u012btos no nev\u0113lamiem koment\u0101riem. &#13; &#13; Anon\u012bmu teksta virkni, kas \u0123ener\u0113ta, pamatojoties uz j\u016bsu [&hellip;]<\/p>\n","protected":false},"author":3,"featured_media":0,"parent":0,"menu_order":0,"comment_status":"closed","ping_status":"closed","template":"","meta":{"footnotes":""},"class_list":["post-46331","page","type-page","status-publish","hentry"],"_links":{"self":[{"href":"https:\/\/kryptovaluta.info\/lv\/wp-json\/wp\/v2\/pages\/46331","targetHints":{"allow":["GET"]}}],"collection":[{"href":"https:\/\/kryptovaluta.info\/lv\/wp-json\/wp\/v2\/pages"}],"about":[{"href":"https:\/\/kryptovaluta.info\/lv\/wp-json\/wp\/v2\/types\/page"}],"author":[{"embeddable":true,"href":"https:\/\/kryptovaluta.info\/lv\/wp-json\/wp\/v2\/users\/3"}],"replies":[{"embeddable":true,"href":"https:\/\/kryptovaluta.info\/lv\/wp-json\/wp\/v2\/comments?post=46331"}],"version-history":[{"count":1,"href":"https:\/\/kryptovaluta.info\/lv\/wp-json\/wp\/v2\/pages\/46331\/revisions"}],"predecessor-version":[{"id":61178,"href":"https:\/\/kryptovaluta.info\/lv\/wp-json\/wp\/v2\/pages\/46331\/revisions\/61178"}],"wp:attachment":[{"href":"https:\/\/kryptovaluta.info\/lv\/wp-json\/wp\/v2\/media?parent=46331"}],"curies":[{"name":"wp","href":"https:\/\/api.w.org\/{rel}","templated":true}]}}