{"id":46536,"date":"2021-08-27T09:13:19","date_gmt":"2021-08-27T09:13:19","guid":{"rendered":"http:\/\/kryptovaluta.info\/integritate\/"},"modified":"2022-04-14T20:02:36","modified_gmt":"2022-04-14T20:02:36","slug":"integritate","status":"publish","type":"page","link":"https:\/\/kryptovaluta.info\/lv\/integritate\/","title":{"rendered":"Integrit\u0101te"},"content":{"rendered":"&#13;\n<h2 class=\"wp-block-heading\">Kas m\u0113s esam<\/h2>&#13;\n&#13;\n<p>M\u016bsu vietnes adrese ir: http:\/\/kryptovaluta.info<\/p>&#13;\n&#13;\n<h2 class=\"wp-block-heading\">koment\u0101ri<\/h2>&#13;\n&#13;\n<p>Kad apmekl\u0113t\u0101ji lap\u0101 public\u0113 koment\u0101rus, inform\u0101cija koment\u0101ru form\u0101 tiek saglab\u0101ta papildus apmekl\u0113t\u0101ja IP adresei un apmekl\u0113t\u0101ja p\u0101rl\u016bkprogrammas versijai. Tas tiek dar\u012bts, lai izvair\u012btos no surog\u0101tpasta koment\u0101riem.<\/p>&#13;\n&#13;\n<p>Anon\u012bmu teksta virkni, kas \u0123ener\u0113ta, pamatojoties uz j\u016bsu e-pasta adresi (ko sauc ar\u012b par &#8220;jauktu&#8221;), var nos\u016bt\u012bt pakalpojumam Gravatar, lai p\u0101rbaud\u012btu, vai jums taj\u0101 ir konts. Gravatar priv\u0101tuma politiku var atrast \u0161eit: https:\/\/automattic.com\/privacy\/. Kad j\u016bsu koment\u0101rs b\u016bs apstiprin\u0101ts, j\u016bsu profila att\u0113ls b\u016bs redzams ikvienam saist\u012bb\u0101 ar j\u016bsu koment\u0101ru.<\/p>&#13;\n&#13;\n<h2 class=\"wp-block-heading\">Pla\u0161sazi\u0146as l\u012bdzek\u013ci<\/h2>&#13;\n&#13;\n<p>Ja vietn\u0113 aug\u0161upiel\u0101d\u0113jat fotoatt\u0113lus, jums vajadz\u0113tu izvair\u012bties no t\u0101du fotoatt\u0113lu aug\u0161upiel\u0101des, kas satur inform\u0101ciju par to uz\u0146em\u0161anas vietu (EXIF GPS). Vietnes apmekl\u0113t\u0101ji var lejupiel\u0101d\u0113t un izg\u016bt \u0161\u0101du inform\u0101ciju no vietn\u0113 eso\u0161ajiem att\u0113liem.<\/p>&#13;\n&#13;\n<h2 class=\"wp-block-heading\">S\u012bkdatnes<\/h2>&#13;\n&#13;\n<p>Ja \u0161aj\u0101 vietn\u0113 ievietojat koment\u0101ru, l\u016bdzu, l\u016bdziet mums atcer\u0113ties j\u016bsu v\u0101rdu, e-pasta adresi un vietni. \u0160\u012b inform\u0101cija tiek saglab\u0101ta s\u012bkfail\u0101, un t\u0101 ir paredz\u0113ta, lai jums to atvieglotu. N\u0101kamreiz rakstot koment\u0101ru, \u0161\u012b inform\u0101cija nav j\u0101ievada v\u0113lreiz. \u0160o s\u012bkfailu der\u012bguma termi\u0146\u0161 beidzas p\u0113c viena gada.<\/p>&#13;\n&#13;\n<p>Ja apmekl\u0113jat m\u016bsu pieteik\u0161an\u0101s lapu, m\u0113s izveidojam pagaidu s\u012bkfailu, lai noteiktu, vai j\u016bsu p\u0101rl\u016bkprogramma pie\u0146em s\u012bkfailus. \u0160aj\u0101 s\u012bkdatn\u0113 nav personas inform\u0101cijas, un t\u0101 paz\u016bd, tikl\u012bdz aizverat p\u0101rl\u016bkprogrammu.<\/p>&#13;\n&#13;\n<p>Kad j\u016bs piesak\u0101ties, tiek izveidoti s\u012bkfaili, kas saglab\u0101 j\u016bsu pieteik\u0161an\u0101s inform\u0101ciju un j\u016bsu izdar\u012bt\u0101s izv\u0113les attiec\u012bb\u0101 uz satura att\u0113lo\u0161anu. S\u012bkfaili ar pieteik\u0161an\u0101s inform\u0101ciju beidzas p\u0113c div\u0101m dien\u0101m, savuk\u0101rt s\u012bkfaili ar displeja opcij\u0101m darbojas vienu gadu. Ja atlas\u012bsit &#8220;Atcer\u0113ties mani&#8221;, j\u016bsu pieteik\u0161an\u0101s inform\u0101cija tiks saglab\u0101ta divas ned\u0113\u013cas. Ja j\u016bs izrakst\u0101ties no sava konta, \u0161ie s\u012bkfaili pazud\u012bs.<\/p>&#13;\n&#13;\n<p>Ja redi\u0123\u0113jat vai public\u0113jat rakstu, j\u016bsu p\u0101rl\u016bkprogramm\u0101 tiek saglab\u0101ts cits s\u012bkfails. \u0160aj\u0101 s\u012bkfail\u0101 nav personas inform\u0101cijas, ir tikai tikko redi\u0123\u0113t\u0101 raksta ID. Tas nodziest p\u0113c dienas.<\/p>&#13;\n&#13;\n<h2 class=\"wp-block-heading\">Iegultais saturs no cit\u0101m vietn\u0113m<\/h2>&#13;\n&#13;\n<p>\u0160\u012bs lapas rakstos var b\u016bt iegults saturs (piem\u0113ram, video, att\u0113li, raksti utt.). Iegultais saturs no cit\u0101m vietn\u0113m darbojas tie\u0161i t\u0101pat k\u0101 tad, ja apmekl\u0113t\u0101js b\u016btu apmekl\u0113jis vietni, no kuras n\u0101k iegultais saturs.<\/p>&#13;\n&#13;\n<p>\u0160\u012bs t\u012bmek\u013ca vietnes var apkopot inform\u0101ciju par jums, izmantot s\u012bkfailus, iegult tre\u0161o pu\u0161u izseko\u0161anas sist\u0113mas un p\u0101rraudz\u012bt to, ko j\u016bs dar\u0101t, izmantojot \u0161o iegulto saturu. Tas ietver ar\u012b j\u016bsu darb\u012bbu izseko\u0161anu, izmantojot ieb\u016bv\u0113to saturu, ja jums ir konts un esat pieteicies vietn\u0113.<\/p>&#13;\n&#13;\n<h2 class=\"wp-block-heading\">Ar ko m\u0113s kop\u012bgojam j\u016bsu inform\u0101ciju<\/h2>&#13;\n&#13;\n<p>Ja piepras\u0101t paroles atiestat\u012b\u0161anu, j\u016bsu IP adrese tiks iek\u013cauta paroles atiestat\u012b\u0161anas e-past\u0101.<\/p>&#13;\n&#13;\n<h2 class=\"wp-block-heading\">Cik ilgi m\u0113s glab\u0101jam inform\u0101ciju par jums<\/h2>&#13;\n&#13;\n<p>Ja atst\u0101jat koment\u0101ru, koment\u0101rs un koment\u0101ra inform\u0101cija tiks saglab\u0101ta uz nenoteiktu laiku. Tas ir paredz\u0113ts, lai m\u0113s var\u0113tu atpaz\u012bt papildu koment\u0101rus un apstiprin\u0101t tos autom\u0101tiski, nevis ievietot tos rind\u0101, kur redaktoram tie ir j\u0101apstiprina manu\u0101li.<\/p>&#13;\n&#13;\n<p>Lietot\u0101ji, kuri re\u0123istr\u0113jas \u0161aj\u0101 vietn\u0113 (ja \u0161\u012b iesp\u0113ja ir pieejama), saglab\u0101 ar\u012b personisko inform\u0101ciju, ko vi\u0146i sniedz sav\u0101 lietot\u0101ja profil\u0101. Visi lietot\u0101ji jebkur\u0101 laik\u0101 var apskat\u012bt, redi\u0123\u0113t un dz\u0113st savu personisko inform\u0101ciju (iz\u0146emot lietot\u0101jv\u0101rdus). Viet\u0146u administratori var ar\u012b skat\u012bt un redi\u0123\u0113t \u0161o inform\u0101ciju.<\/p>&#13;\n&#13;\n<h2 class=\"wp-block-heading\">J\u016bsu ties\u012bbas attiec\u012bb\u0101 uz inform\u0101ciju, kas mums ir par jums<\/h2>&#13;\n&#13;\n<p>Ja jums ir konts \u0161aj\u0101 vietn\u0113 vai esat atst\u0101jis koment\u0101rus, varat piepras\u012bt eksporta failu ar m\u016bsu r\u012bc\u012bb\u0101 eso\u0161o personisko inform\u0101ciju par jums. Tas ietver visu inform\u0101ciju, ko esat mums sniedzis. Varat ar\u012b piepras\u012bt, lai m\u0113s no\u0146emtu visu m\u016bsu r\u012bc\u012bb\u0101 eso\u0161o personisko inform\u0101ciju par jums. Tas neietver inform\u0101ciju, kas mums ir j\u0101saglab\u0101 administrat\u012bvu, juridisku vai dro\u0161\u012bbas apsv\u0113rumu d\u0113\u013c.<\/p>&#13;\n&#13;\n<h2 class=\"wp-block-heading\">Kur m\u0113s nos\u016bt\u0101m inform\u0101ciju par jums<\/h2>&#13;\n&#13;\n<p>Apmekl\u0113t\u0101ju koment\u0101rus var p\u0101rbaud\u012bt, izmantojot autom\u0101tisko surog\u0101tpasta pakalpojumu.<\/p>&#13;\n","protected":false},"excerpt":{"rendered":"<p>&#13; Kas m\u0113s esam &#13; &#13; M\u016bsu vietnes adrese ir: http:\/\/kryptovaluta.info &#13; &#13; koment\u0101ri &#13; &#13; Kad apmekl\u0113t\u0101ji lap\u0101 public\u0113 koment\u0101rus, inform\u0101cija koment\u0101ru form\u0101 tiek saglab\u0101ta papildus apmekl\u0113t\u0101ja IP adresei un apmekl\u0113t\u0101ja p\u0101rl\u016bkprogrammas versijai. Tas tiek dar\u012bts, lai izvair\u012btos no surog\u0101tpasta koment\u0101riem. &#13; &#13; Anon\u012bmu teksta virkni, kas \u0123ener\u0113ta, pamatojoties uz j\u016bsu e-pasta adresi (ko [&hellip;]<\/p>\n","protected":false},"author":3,"featured_media":0,"parent":0,"menu_order":0,"comment_status":"closed","ping_status":"closed","template":"","meta":{"footnotes":""},"class_list":["post-46536","page","type-page","status-publish","hentry"],"_links":{"self":[{"href":"https:\/\/kryptovaluta.info\/lv\/wp-json\/wp\/v2\/pages\/46536","targetHints":{"allow":["GET"]}}],"collection":[{"href":"https:\/\/kryptovaluta.info\/lv\/wp-json\/wp\/v2\/pages"}],"about":[{"href":"https:\/\/kryptovaluta.info\/lv\/wp-json\/wp\/v2\/types\/page"}],"author":[{"embeddable":true,"href":"https:\/\/kryptovaluta.info\/lv\/wp-json\/wp\/v2\/users\/3"}],"replies":[{"embeddable":true,"href":"https:\/\/kryptovaluta.info\/lv\/wp-json\/wp\/v2\/comments?post=46536"}],"version-history":[{"count":1,"href":"https:\/\/kryptovaluta.info\/lv\/wp-json\/wp\/v2\/pages\/46536\/revisions"}],"predecessor-version":[{"id":46539,"href":"https:\/\/kryptovaluta.info\/lv\/wp-json\/wp\/v2\/pages\/46536\/revisions\/46539"}],"wp:attachment":[{"href":"https:\/\/kryptovaluta.info\/lv\/wp-json\/wp\/v2\/media?parent=46536"}],"curies":[{"name":"wp","href":"https:\/\/api.w.org\/{rel}","templated":true}]}}