{"id":46330,"date":"2021-08-27T09:13:19","date_gmt":"2021-08-27T09:13:19","guid":{"rendered":"http:\/\/kryptovaluta.info\/integritet\/"},"modified":"2022-05-02T13:23:52","modified_gmt":"2022-05-02T13:23:52","slug":"integritet","status":"publish","type":"page","link":"https:\/\/kryptovaluta.info\/sv\/integritet\/","title":{"rendered":"Integritet"},"content":{"rendered":"&#13;\n<h2 class=\"wp-block-heading\">Vilka vi \u00e4r<\/h2>&#13;\n&#13;\n<p>V\u00e5r webbplatsadress \u00e4r: http:\/\/kryptovaluta.info<\/p>&#13;\n&#13;\n<h2 class=\"wp-block-heading\">Kommentarer<\/h2>&#13;\n&#13;\n<p>N\u00e4r bes\u00f6kare publicerar kommentarer p\u00e5 sidan lagras informationen i kommentarsformul\u00e4ret ut\u00f6ver bes\u00f6karens IP -adress och bes\u00f6karens webbl\u00e4sarversion. Detta g\u00f6rs f\u00f6r att undvika skr\u00e4pkommentarer.<\/p>&#13;\n&#13;\n<p>En anonym textstr\u00e4ng som genereras baserat p\u00e5 din e -postadress (\u00e4ven kallad &#8221;hash&#8221;) kan skickas till Gravatar -tj\u00e4nsten f\u00f6r att kontrollera om du har ett konto d\u00e4r. Gravatars sekretesspolicy finns h\u00e4r: https:\/\/automattic.com\/privacy\/. Efter att din kommentar har godk\u00e4nts kommer din profilbild att synas f\u00f6r alla i samband med din kommentar.<\/p>&#13;\n&#13;\n<h2 class=\"wp-block-heading\">Media<\/h2>&#13;\n&#13;\n<p>Om du laddar upp foton till webbplatsen b\u00f6r du undvika att ladda upp foton som inneh\u00e5ller information om platsen d\u00e4r den togs (EXIF GPS). Bes\u00f6kare p\u00e5 webbplatsen kan ladda ner och h\u00e4mta s\u00e5dan information fr\u00e5n bilder p\u00e5 webbplatsen.<\/p>&#13;\n&#13;\n<h2 class=\"wp-block-heading\">Sm\u00e5kakor<\/h2>&#13;\n&#13;\n<p>Om du skriver en kommentar p\u00e5 den h\u00e4r webbplatsen kan du be oss att komma ih\u00e5g ditt namn, din e -postadress och din webbplats. Denna information lagras i en cookie och \u00e4r d\u00e4r f\u00f6r att underl\u00e4tta f\u00f6r dig. Du beh\u00f6ver inte ange denna information igen n\u00e4sta g\u00e5ng du skriver en kommentar. Dessa kakor upph\u00f6r att g\u00e4lla efter ett \u00e5r.<\/p>&#13;\n&#13;\n<p>Om du bes\u00f6ker v\u00e5r inloggningssida skapar vi en tillf\u00e4llig cookie f\u00f6r att avg\u00f6ra om din webbl\u00e4sare accepterar cookies. Denna cookie inneh\u00e5ller ingen personlig information och f\u00f6rsvinner s\u00e5 snart du st\u00e4nger din webbl\u00e4sare.<\/p>&#13;\n&#13;\n<p>N\u00e4r du loggar in skapas cookies som lagrar din inloggningsinformation och val du har gjort om hur inneh\u00e5ll ska visas. Cookies med inloggningsinformation l\u00f6per ut efter tv\u00e5 dagar, medan de med visningsalternativ varar i ett \u00e5r. Om du markerar &#8221;Kom ih\u00e5g mig&#8221;, sparas din inloggningsinformation i tv\u00e5 veckor. Om du loggar ut fr\u00e5n ditt konto f\u00f6rsvinner dessa cookies.<\/p>&#13;\n&#13;\n<p>Om du redigerar eller publicerar en artikel lagras ytterligare en cookie i din webbl\u00e4sare. Den h\u00e4r kakan inneh\u00e5ller ingen personlig information, utan bara id: t f\u00f6r artikeln du just redigerade. Den g\u00e5r ut efter en dag.<\/p>&#13;\n&#13;\n<h2 class=\"wp-block-heading\">Inb\u00e4ddat inneh\u00e5ll fr\u00e5n andra webbplatser<\/h2>&#13;\n&#13;\n<p>Artiklarna p\u00e5 denna sida kan inneh\u00e5lla inb\u00e4ddat inneh\u00e5ll (t.ex. videor, bilder, artiklar, etc.). Inb\u00e4ddat inneh\u00e5ll fr\u00e5n andra webbplatser beter sig p\u00e5 exakt samma s\u00e4tt som om bes\u00f6karen hade bes\u00f6kt webbplatsen fr\u00e5n vilket det inb\u00e4ddade inneh\u00e5llet kommer.<\/p>&#13;\n&#13;\n<p>Dessa webbplatser kan samla in information om dig, anv\u00e4nda cookies, b\u00e4dda in sp\u00e5rningssystem fr\u00e5n tredje part och \u00f6vervaka vad du g\u00f6r genom detta inb\u00e4ddade inneh\u00e5ll. Detta inkluderar ocks\u00e5 att sp\u00e5ra dina handlingar via det inbyggda inneh\u00e5llet om du har ett konto och \u00e4r inloggad p\u00e5 webbplatsen.<\/p>&#13;\n&#13;\n<h2 class=\"wp-block-heading\">Vem vi delar din information med<\/h2>&#13;\n&#13;\n<p>Om du beg\u00e4r att l\u00f6senordet ska \u00e5terst\u00e4llas kommer din IP -adress att inkluderas i e -postmeddelandet om \u00e5terst\u00e4llning av l\u00f6senord.<\/p>&#13;\n&#13;\n<h2 class=\"wp-block-heading\">Hur l\u00e4nge vi beh\u00e5ller information om dig<\/h2>&#13;\n&#13;\n<p>Om du l\u00e4mnar en kommentar sparas kommentaren och informationen om kommentaren p\u00e5 obest\u00e4md tid. Detta f\u00f6r att vi ska k\u00e4nna igen uppf\u00f6ljningskommentarer och godk\u00e4nna dem automatiskt ist\u00e4llet f\u00f6r att st\u00e4lla dem i en k\u00f6 d\u00e4r de m\u00e5ste godk\u00e4nnas manuellt av en redakt\u00f6r.<\/p>&#13;\n&#13;\n<p>F\u00f6r anv\u00e4ndare som registrerar sig p\u00e5 denna webbplats (om det h\u00e4r alternativet finns) lagras ocks\u00e5 personlig information som de tillhandah\u00e5ller i sin anv\u00e4ndarprofil. Alla anv\u00e4ndare kan n\u00e4r som helst se, redigera och radera sin egen personliga information (utom anv\u00e4ndarnamn). Webbplatsadministrat\u00f6rerna kan ocks\u00e5 visa och redigera denna information.<\/p>&#13;\n&#13;\n<h2 class=\"wp-block-heading\">Dina r\u00e4ttigheter ang\u00e5ende information vi har om dig<\/h2>&#13;\n&#13;\n<p>Om du har ett konto p\u00e5 den h\u00e4r webbplatsen eller har l\u00e4mnat kommentarer kan du beg\u00e4ra en exportfil som inneh\u00e5ller den personliga information vi har om dig. Detta inkluderar all information du har gett oss. Du kan ocks\u00e5 beg\u00e4ra att vi tar bort all personlig information vi har om dig. Detta inkluderar inte information som vi m\u00e5ste lagra av administrativa, juridiska eller s\u00e4kerhetssk\u00e4l.<\/p>&#13;\n&#13;\n<h2 class=\"wp-block-heading\">D\u00e4r vi skickar information om dig<\/h2>&#13;\n&#13;\n<p>Bes\u00f6kares kommentarer kan kontrolleras genom en automatisk skr\u00e4pposttj\u00e4nst.<\/p>&#13;\n","protected":false},"excerpt":{"rendered":"<p>&#13; Vilka vi \u00e4r &#13; &#13; V\u00e5r webbplatsadress \u00e4r: http:\/\/kryptovaluta.info &#13; &#13; Kommentarer &#13; &#13; N\u00e4r bes\u00f6kare publicerar kommentarer p\u00e5 sidan lagras informationen i kommentarsformul\u00e4ret ut\u00f6ver bes\u00f6karens IP -adress och bes\u00f6karens webbl\u00e4sarversion. Detta g\u00f6rs f\u00f6r att undvika skr\u00e4pkommentarer. &#13; &#13; En anonym textstr\u00e4ng som genereras baserat p\u00e5 din e -postadress (\u00e4ven kallad &#8221;hash&#8221;) kan skickas [&hellip;]<\/p>\n","protected":false},"author":3,"featured_media":0,"parent":0,"menu_order":0,"comment_status":"closed","ping_status":"closed","template":"","meta":{"footnotes":""},"class_list":["post-46330","page","type-page","status-publish","hentry"],"_links":{"self":[{"href":"https:\/\/kryptovaluta.info\/sv\/wp-json\/wp\/v2\/pages\/46330","targetHints":{"allow":["GET"]}}],"collection":[{"href":"https:\/\/kryptovaluta.info\/sv\/wp-json\/wp\/v2\/pages"}],"about":[{"href":"https:\/\/kryptovaluta.info\/sv\/wp-json\/wp\/v2\/types\/page"}],"author":[{"embeddable":true,"href":"https:\/\/kryptovaluta.info\/sv\/wp-json\/wp\/v2\/users\/3"}],"replies":[{"embeddable":true,"href":"https:\/\/kryptovaluta.info\/sv\/wp-json\/wp\/v2\/comments?post=46330"}],"version-history":[{"count":1,"href":"https:\/\/kryptovaluta.info\/sv\/wp-json\/wp\/v2\/pages\/46330\/revisions"}],"predecessor-version":[{"id":61180,"href":"https:\/\/kryptovaluta.info\/sv\/wp-json\/wp\/v2\/pages\/46330\/revisions\/61180"}],"wp:attachment":[{"href":"https:\/\/kryptovaluta.info\/sv\/wp-json\/wp\/v2\/media?parent=46330"}],"curies":[{"name":"wp","href":"https:\/\/api.w.org\/{rel}","templated":true}]}}